{"id":2577,"date":"2024-01-08T17:28:37","date_gmt":"2024-01-08T16:28:37","guid":{"rendered":"http:\/\/ripack-supplies.com\/?page_id=2577"},"modified":"2024-01-08T17:31:03","modified_gmt":"2024-01-08T16:31:03","slug":"impressum","status":"publish","type":"page","link":"https:\/\/ripack-supplies.com\/de\/impressum\/","title":{"rendered":"Impressum"},"content":{"rendered":"\n<h3 class=\"wp-block-heading\">1. Pr\u00e4sentation der Website.<\/h3>\n\n\n\n<p>Gem\u00e4\u00df Artikel 6 des Gesetzes Nr. 2004-575 vom 21. Juni 2004 \u00fcber das Vertrauen in die digitale Wirtschaft werden Benutzer der Website <a title=\"ripack-supplies.com\" href=\"https:\/\/ripack-supplies.com\/\">ripack-supplies.com <\/a> \u00fcber die Identit\u00e4t der verschiedenen Interessengruppen im Rahmen ihrer Umsetzung und deren Weiterverfolgung informiert :<\/p>\n\n\n\n<p><strong>Inhaber<\/strong> :  Sefmat \u2013 7 RUE DE BETNOMS 33185 LE HAILLAN<\/p>\n\n\n\n<p><strong>Siret<\/strong> : 320 696 594 00011<\/p>\n\n\n\n<p><strong>Ersteller<\/strong> : <a href=\"https:\/\/www.fourmizz.fr\">Fourmizz Communication <\/a><\/p>\n\n\n\n<p><strong>Publikationsmanager<\/strong> : Julien Marigot<\/p>\n\n\n\n<p>Der Publikationsmanager ist eine nat\u00fcrliche oder juristische Person.<\/p>\n\n\n\n<p><strong>Webmaster<\/strong> : Fourmizz Communication \u2013 contact@fourmizz.fr<\/p>\n\n\n\n<p><strong>Gastgeber<\/strong> : OVH \u2013 2 rue Kellermann \u2013 59100 ROUBAIX \u2013 Frankreich<\/p>\n\n\n\n<h3 class=\"wp-block-heading\">2. Allgemeine Nutzungsbedingungen der Website und der angebotenen Dienste.<\/h3>\n\n\n\n<p>Die Nutzung der Website <a href=\"https:\/\/ripack-supplies.com\/\">ripack-supplies.com<\/a> setzt voraus, dass die nachstehend beschriebenen allgemeinen Nutzungsbedingungen vollst\u00e4ndig akzeptiert werden. Diese Nutzungsbedingungen k\u00f6nnen jederzeit ge\u00e4ndert oder erg\u00e4nzt werden. Benutzer der Website <a title=\"ripack-supplies.com\" href=\"https:\/\/ripack-supplies.com\/\">ripack-supplies.com<\/a> werden daher gebeten, sie regelm\u00e4\u00dfig zu konsultieren.<\/p>\n\n\n\n<p>Diese Seite ist normalerweise f\u00fcr Benutzer jederzeit zug\u00e4nglich. Eine Unterbrechung aufgrund technischer Wartung kann jedoch von Ripack Supplies entschieden werden, der sich dann bem\u00fcht, den Benutzern vorab die Daten und Zeiten des Eingriffs mitzuteilen.<\/p>\n\n\n\n<p>Die <a title=\"ripack-supplies.com\" href=\"https:\/\/ripack-supplies.com\/\">ripack-supplies.com<\/a> Website wird regelm\u00e4\u00dfig von Julien Marigot aktualisiert. Ebenso k\u00f6nnen die rechtlichen Hinweise jederzeit ge\u00e4ndert werden: Sie sind jedoch f\u00fcr den Benutzer verbindlich, der aufgefordert wird, so oft wie m\u00f6glich auf sie zu verweisen, um sie kennenzulernen.<\/p>\n\n\n\n<h3 class=\"wp-block-heading\">3. Beschreibung der erbrachten Leistungen.<\/h3>\n\n\n\n<p>Der Zweck der Website <a title=\"ripack-supplies.com\" href=\"https:\/\/ripack-supplies.com\/\">ripack-supplies.com<\/a> besteht darin, Informationen zu allen Aktivit\u00e4ten des Unternehmens bereitzustellen.<\/p>\n\n\n\n<p>Ripack Supplies ist bestrebt, der Website <a title=\"ripack-supplies.com\" href=\"https:\/\/ripack-supplies.com\/\">ripack-supplies.com<\/a> so genaue Informationen wie m\u00f6glich zur Verf\u00fcgung zu stellen . Es kann jedoch nicht f\u00fcr Auslassungen, Ungenauigkeiten und M\u00e4ngel in der Aktualisierung verantwortlich gemacht werden, sei es aufgrund dieser oder von Drittpartnern, die diese Informationen bereitstellen.<\/p>\n\n\n\n<p>Alle auf der Website <a title=\"ripack-supplies.com\" href=\"https:\/\/ripack-supplies.com\/\">ripack-supplies.com<\/a> angegebenen Informationen dienen als Hinweis und werden sich wahrscheinlich weiterentwickeln. Dar\u00fcber hinaus sind die Informationen auf der Website <a title=\"ripack-supplies.com\" href=\"https:\/\/ripack-supplies.com\/\">ripack-supplies.com<\/a> nicht vollst\u00e4ndig. Sie unterliegen \u00c4nderungen, die vorgenommen wurden, seit sie online gestellt wurden.<\/p>\n\n\n\n<h3 class=\"wp-block-heading\">4. Vertragliche Beschr\u00e4nkungen der technischen Daten.<\/h3>\n\n\n\n<p>Die Site verwendet JavaScript-Technologie.<\/p>\n\n\n\n<p>Die Website kann nicht f\u00fcr Sachsch\u00e4den im Zusammenhang mit der Nutzung der Website verantwortlich gemacht werden. Dar\u00fcber hinaus verpflichtet sich der Benutzer der Website, mit aktuellen Ger\u00e4ten, die keine Viren enthalten, und mit einem aktuellen Browser der neuesten Generation auf die Website zuzugreifen.<\/p>\n\n\n\n<h3 class=\"wp-block-heading\">5. Geistiges Eigentum und F\u00e4lschungen.<\/h3>\n\n\n\n<p>Ripack Supplies ist Inhaber der Rechte an geistigem Eigentum oder besitzt die Nutzungsrechte f\u00fcr alle auf der Website zug\u00e4nglichen Elemente, insbesondere f\u00fcr Texte, Bilder, Grafiken, Logos, Symbole, Sounds und Software.<\/p>\n\n\n\n<p>Jede Vervielf\u00e4ltigung, Darstellung, \u00c4nderung, Ver\u00f6ffentlichung, Anpassung aller oder eines Teils der Elemente der Website, unabh\u00e4ngig von den verwendeten Mitteln oder Verfahren, ist ohne vorherige schriftliche Zustimmung von: Ripack Supplies untersagt.<\/p>\n\n\n\n<p>Jede nicht autorisierte Nutzung der Website oder eines der darin enthaltenen Elemente wird als Versto\u00df angesehen und gem\u00e4\u00df den Bestimmungen der Artikel L.335-2 und den Bestimmungen des Gesetzes \u00fcber geistiges Eigentum strafrechtlich verfolgt.<\/p>\n\n\n\n<h3 class=\"wp-block-heading\">6. Haftungsbeschr\u00e4nkungen.<\/h3>\n\n\n\n<p>Ripack Supplies kann nicht f\u00fcr direkte oder indirekte Sch\u00e4den an den Ger\u00e4ten des Benutzers beim Zugriff auf die Website ripack-supplies.com verantwortlich gemacht werden, die entweder auf die Verwendung von Ger\u00e4ten zur\u00fcckzuf\u00fchren sind, die nicht den in Punkt 4 angegebenen Spezifikationen entsprechen, oder auf das Auftreten eines Fehlers oder eine Inkompatibilit\u00e4t.<\/p>\n\n\n\n<p>Ripack Supplies kann auch nicht f\u00fcr indirekte Sch\u00e4den (wie zum Beispiel Marktverlust oder Verlust einer Chance) verantwortlich gemacht werden, die durch die Nutzung der Website <a title=\"ripack-supplies.com\" href=\"https:\/\/ripack-supplies.com\/\">ripack-supplies.com<\/a> entstehen.<\/p>\n\n\n\n<p>Interaktive Bereiche (M\u00f6glichkeit, Fragen im Kontaktbereich zu stellen) stehen Benutzern zur Verf\u00fcgung. Ripack Supplies beh\u00e4lt sich das Recht vor, Inhalte, die gegen das in Frankreich geltende Recht versto\u00dfen, insbesondere die Bestimmungen zum Datenschutz, ohne vorherige Ank\u00fcndigung zu entfernen. Gegebenenfalls beh\u00e4lt sich Ripack Supplies auch das Recht vor, die zivil- und \/ oder strafrechtliche Haftung des Nutzers in Frage zu stellen, insbesondere im Falle einer rassistischen, missbr\u00e4uchlichen, diffamierenden oder pornografischen Nachricht, unabh\u00e4ngig vom verwendeten Medium (Text, Fotografie\u2026).<\/p>\n\n\n\n<h3 class=\"wp-block-heading\">7. Verwaltung personenbezogener Daten.<\/h3>\n\n\n\n<p>In Frankreich sind personenbezogene Daten insbesondere durch das Gesetz Nr. 78-87 vom 6. Januar 1978, das Gesetz Nr. 2004-801 vom 6. August 2004, Artikel L. 226-13 des Strafgesetzbuchs und die Europ\u00e4ische Richtlinie vom Oktober gesch\u00fctzt 24, 1995.<\/p>\n\n\n\n<p>Bei Verwendung der <a title=\"ripack-supplies.com\" href=\"https:\/\/ripack-supplies.com\/\">ripack-supplies.com-<\/a> Site kann Folgendes erfasst werden: die URL der Links, \u00fcber die der Benutzer auf die <a title=\"ripack-supplies.com\" href=\"https:\/\/ripack-supplies.com\/\">ripack-supplies.com<\/a> Site zugegriffen hat, der Zugriffsanbieter des Benutzers, die IP-Adresse (Internet Protocol) des Benutzers.<\/p>\n\n\n\n<p>In jedem Fall sammelt Ripack Supplies nur personenbezogene Daten \u00fcber den Benutzer, wenn bestimmte Dienste auf der Website <a title=\"ripack-supplies.com\" href=\"https:\/\/ripack-supplies.com\/\">ripack-supplies.com<\/a>ben\u00f6tigt werden. Der Benutzer stellt diese Informationen mit vollst\u00e4ndiger Kenntnis der Fakten zur Verf\u00fcgung, insbesondere wenn er sie selbst eingibt. Der Benutzer der Website <a title=\"ripack-supplies.com\" href=\"https:\/\/ripack-supplies.com\/\">ripack-supplies.com<\/a> wird dann \u00fcber die Verpflichtung informiert, diese Informationen nicht bereitzustellen.<\/p>\n\n\n\n<p>Gem\u00e4\u00df den Bestimmungen von Artikel 38 und den Bestimmungen des Gesetzes 78-17 vom 6. Januar 1978 \u00fcber Datenverarbeitung, Dateien und Freiheiten hat jeder Benutzer ein Recht auf Zugang, Berichtigung und Widerspruch zu ihm betreffenden personenbezogenen Daten seine schriftliche und unterschriebene Anfrage, zusammen mit einer Kopie des Ausweises mit Unterschrift des Inhabers des Dokuments, unter Angabe der Adresse, an die die Antwort gesendet werden muss.<\/p>\n\n\n\n<p>Keine pers\u00f6nlichen Informationen des Benutzers der <a title=\"ripack-supplies.com\" href=\"https:\/\/ripack-supplies.com\/\">ripack-supplies.com-<\/a> Website werden ohne Wissen des Benutzers ver\u00f6ffentlicht, ausgetauscht, \u00fcbertragen, zugewiesen oder auf irgendeinem Medium an Dritte verkauft. Nur die Annahme der R\u00fccknahme von Ripack Supplies und seiner Rechte w\u00fcrde die \u00dcbermittlung solcher Informationen an den m\u00f6glichen K\u00e4ufer erm\u00f6glichen, der wiederum an die gleiche Verpflichtung gebunden w\u00e4re, Daten in Bezug auf den Benutzer der <a title=\"ripack-supplies.com\" href=\"https:\/\/ripack-supplies.com\/\">Ripack Supplies-<\/a> Site <a title=\"ripack-supplies.com\" href=\"https:\/\/ripack-supplies.com\/\">ripack-supplies.com<\/a> zu <a title=\"ripack-supplies.com\" href=\"https:\/\/ripack-supplies.com\/\">speichern<\/a> und zu \u00e4ndern .<\/p>\n\n\n\n<p>Die Site wird nicht bei der CNIL deklariert, da sie keine pers\u00f6nlichen Informationen sammelt. .<\/p>\n\n\n\n<p>Die Datenbanken sind durch die Bestimmungen des Gesetzes vom 1. Juli 1998 zur Umsetzung der Richtlinie 96\/9 vom 11. M\u00e4rz 1996 \u00fcber den rechtlichen Schutz von Datenbanken gesch\u00fctzt.<\/p>\n\n\n\n<h3 class=\"wp-block-heading\">8. Hypertext-Links und Cookies.<\/h3>\n\n\n\n<p>Die <a title=\"ripack-supplies.com\" href=\"https:\/\/ripack-supplies.com\/\">ripack-supplies.com<\/a> Site enth\u00e4lt eine Reihe von Hypertext-Links zu anderen Sites, die mit Genehmigung von Ripack Supplies eingerichtet wurden. Ripack Supplies hat jedoch keine M\u00f6glichkeit, den Inhalt der so besuchten Websites zu \u00fcberpr\u00fcfen, und \u00fcbernimmt daher keine Verantwortung f\u00fcr diese Tatsache.<\/p>\n\n\n\n<p>Das Durchsuchen der <a title=\"ripack-supplies.com\" href=\"https:\/\/ripack-supplies.com\/\">ripack-supplies.com<\/a> Website kann zur Installation von Cookies auf dem Computer des Benutzers f\u00fchren. Ein Cookie ist eine kleine Datei, die keine Identifizierung des Benutzers erm\u00f6glicht, aber Informationen zur Navigation eines Computers auf einer Site aufzeichnet. Die so erhaltenen Daten sollen die sp\u00e4tere Navigation auf der Website erleichtern und verschiedene Anwesenheitsma\u00dfe erm\u00f6glichen.<\/p>\n\n\n\n<p>Wenn Sie sich weigern, ein Cookie zu installieren, kann der Zugriff auf bestimmte Dienste m\u00f6glicherweise unm\u00f6glich werden. Der Benutzer kann seinen Computer jedoch wie folgt konfigurieren, um die Installation von Cookies abzulehnen:<\/p>\n\n\n\n<p>Im Internet Explorer: Registerkarte Werkzeug (Piktogramm in Form eines Zahnrads oben rechts) \/ Internetoptionen. Klicken Sie auf Datenschutz und w\u00e4hlen Sie Alle Cookies blockieren. Validieren Sie auf OK.<\/p>\n\n\n\n<p>In Firefox: Klicken Sie oben im Browserfenster auf die Schaltfl\u00e4che Firefox und wechseln Sie zur Registerkarte Optionen. Klicken Sie auf die Registerkarte Datenschutz.<br>Konfigurieren Sie die Erhaltungsregeln f\u00fcr: Verwenden Sie personalisierte Parameter f\u00fcr den Verlauf. Deaktivieren Sie es schlie\u00dflich, um Cookies zu deaktivieren.<\/p>\n\n\n\n<p>In Safari: Klicken Sie oben rechts im Browser auf das Men\u00fcpiktogramm (symbolisiert durch ein Zahnrad). Einstellungen ausw\u00e4hlen. Klicken Sie auf Erweiterte Einstellungen anzeigen. Klicken Sie im Abschnitt \u201eVertraulichkeit\u201c auf Inhaltseinstellungen. Im Bereich \u201eCookies\u201c k\u00f6nnen Sie Cookies blockieren.<\/p>\n\n\n\n<p>Unter Chrome: Klicken Sie oben rechts im Browser auf das Men\u00fcpiktogramm (symbolisiert durch drei horizontale Linien). Einstellungen ausw\u00e4hlen. Klicken Sie auf Erweiterte Einstellungen anzeigen. Klicken Sie im Abschnitt \u201eVertraulichkeit\u201c auf Einstellungen. Auf der Registerkarte \u201eVertraulichkeit\u201c k\u00f6nnen Sie Cookies blockieren.<\/p>\n\n\n\n<h3 class=\"wp-block-heading\">9. Anwendbares Recht und Zust\u00e4ndigkeitszuweisung.<\/h3>\n\n\n\n<p>Alle Streitigkeiten im Zusammenhang mit der Nutzung der Website <a title=\"ripack-supplies.com\" href=\"https:\/\/ripack-supplies.com\/\">ripack-supplies.com<\/a> unterliegen franz\u00f6sischem Recht. Die ausschlie\u00dfliche Zust\u00e4ndigkeit liegt bei den zust\u00e4ndigen Gerichten von Paris.<\/p>\n\n\n\n<h3 class=\"wp-block-heading\">10. Die wichtigsten betroffenen Gesetze.<\/h3>\n\n\n\n<p>Gesetz Nr. 78-17 vom 6. Januar 1978, insbesondere ge\u00e4ndert durch Gesetz Nr. 2004-801 vom 6. August 2004 in Bezug auf Datenverarbeitung, Dateien und Freiheiten.<\/p>\n\n\n\n<p>Gesetz Nr. 2004-575 vom 21. Juni 2004 \u00fcber das Vertrauen in die digitale Wirtschaft.<\/p>\n\n\n\n<h3 class=\"wp-block-heading\">11. Lexikon.<\/h3>\n\n\n\n<p>Benutzer: Internetbenutzer, der \u00fcber die oben genannte Website eine Verbindung herstellt.<\/p>\n\n\n\n<p>Pers\u00f6nliche Informationen: \u201eInformationen, die in irgendeiner Form direkt oder indirekt die Identifizierung der nat\u00fcrlichen Personen erm\u00f6glichen, f\u00fcr die sie gelten\u201c (Artikel 4 des Gesetzes Nr. 78-17 vom 6. Januar 1978).<\/p>\n","protected":false},"excerpt":{"rendered":"<p>1. Pr\u00e4sentation der Website. Gem\u00e4\u00df Artikel 6 des Gesetzes Nr. 2004-575 vom 21. Juni 2004 \u00fcber das Vertrauen in die digitale Wirtschaft werden Benutzer der Website ripack-supplies.com \u00fcber die Identit\u00e4t [&hellip;]<\/p>\n","protected":false},"author":1,"featured_media":0,"parent":0,"menu_order":15,"comment_status":"closed","ping_status":"closed","template":"page-mentions.php","meta":{"_acf_changed":false,"footnotes":""},"class_list":["post-2577","page","type-page","status-publish","hentry"],"acf":[],"yoast_head":"<!-- This site is optimized with the Yoast SEO plugin v27.3 - https:\/\/yoast.com\/product\/yoast-seo-wordpress\/ -->\n<title>Impressum | Ripack Supplies f\u00fchrend bei Schrumpfverpackungen<\/title>\n<meta name=\"robots\" content=\"index, follow, max-snippet:-1, max-image-preview:large, max-video-preview:-1\" \/>\n<link rel=\"canonical\" href=\"https:\/\/ripack-supplies.com\/de\/impressum\/\" \/>\n<meta property=\"og:locale\" content=\"de_DE\" \/>\n<meta property=\"og:type\" content=\"article\" \/>\n<meta property=\"og:title\" content=\"Impressum | Ripack Supplies f\u00fchrend bei Schrumpfverpackungen\" \/>\n<meta property=\"og:description\" content=\"1. Pr\u00e4sentation der Website. Gem\u00e4\u00df Artikel 6 des Gesetzes Nr. 2004-575 vom 21. Juni 2004 \u00fcber das Vertrauen in die digitale Wirtschaft werden Benutzer der Website ripack-supplies.com \u00fcber die Identit\u00e4t [&hellip;]\" \/>\n<meta property=\"og:url\" content=\"https:\/\/ripack-supplies.com\/de\/impressum\/\" \/>\n<meta property=\"og:site_name\" content=\"Ripack Supplies f\u00fchrend bei Schrumpfverpackungen\" \/>\n<meta property=\"article:modified_time\" content=\"2024-01-08T16:31:03+00:00\" \/>\n<meta name=\"twitter:card\" content=\"summary_large_image\" \/>\n<meta name=\"twitter:label1\" content=\"Gesch\u00e4tzte Lesezeit\" \/>\n\t<meta name=\"twitter:data1\" content=\"7\u00a0Minuten\" \/>\n<script type=\"application\/ld+json\" class=\"yoast-schema-graph\">{\"@context\":\"https:\\\/\\\/schema.org\",\"@graph\":[{\"@type\":\"WebPage\",\"@id\":\"https:\\\/\\\/ripack-supplies.com\\\/de\\\/impressum\\\/\",\"url\":\"https:\\\/\\\/ripack-supplies.com\\\/de\\\/impressum\\\/\",\"name\":\"Impressum | Ripack Supplies f\u00fchrend bei Schrumpfverpackungen\",\"isPartOf\":{\"@id\":\"https:\\\/\\\/ripack-supplies.com\\\/de\\\/#website\"},\"datePublished\":\"2024-01-08T16:28:37+00:00\",\"dateModified\":\"2024-01-08T16:31:03+00:00\",\"breadcrumb\":{\"@id\":\"https:\\\/\\\/ripack-supplies.com\\\/de\\\/impressum\\\/#breadcrumb\"},\"inLanguage\":\"de\",\"potentialAction\":[{\"@type\":\"ReadAction\",\"target\":[\"https:\\\/\\\/ripack-supplies.com\\\/de\\\/impressum\\\/\"]}]},{\"@type\":\"BreadcrumbList\",\"@id\":\"https:\\\/\\\/ripack-supplies.com\\\/de\\\/impressum\\\/#breadcrumb\",\"itemListElement\":[{\"@type\":\"ListItem\",\"position\":1,\"name\":\"Home\",\"item\":\"https:\\\/\\\/ripack-supplies.com\\\/de\\\/\"},{\"@type\":\"ListItem\",\"position\":2,\"name\":\"Impressum\"}]},{\"@type\":\"WebSite\",\"@id\":\"https:\\\/\\\/ripack-supplies.com\\\/de\\\/#website\",\"url\":\"https:\\\/\\\/ripack-supplies.com\\\/de\\\/\",\"name\":\"Ripack Supplies f\u00fchrend bei Schrumpfverpackungen\",\"description\":\"\",\"potentialAction\":[{\"@type\":\"SearchAction\",\"target\":{\"@type\":\"EntryPoint\",\"urlTemplate\":\"https:\\\/\\\/ripack-supplies.com\\\/de\\\/?s={search_term_string}\"},\"query-input\":{\"@type\":\"PropertyValueSpecification\",\"valueRequired\":true,\"valueName\":\"search_term_string\"}}],\"inLanguage\":\"de\"}]}<\/script>\n<!-- \/ Yoast SEO plugin. -->","yoast_head_json":{"title":"Impressum | Ripack Supplies f\u00fchrend bei Schrumpfverpackungen","robots":{"index":"index","follow":"follow","max-snippet":"max-snippet:-1","max-image-preview":"max-image-preview:large","max-video-preview":"max-video-preview:-1"},"canonical":"https:\/\/ripack-supplies.com\/de\/impressum\/","og_locale":"de_DE","og_type":"article","og_title":"Impressum | Ripack Supplies f\u00fchrend bei Schrumpfverpackungen","og_description":"1. Pr\u00e4sentation der Website. Gem\u00e4\u00df Artikel 6 des Gesetzes Nr. 2004-575 vom 21. Juni 2004 \u00fcber das Vertrauen in die digitale Wirtschaft werden Benutzer der Website ripack-supplies.com \u00fcber die Identit\u00e4t [&hellip;]","og_url":"https:\/\/ripack-supplies.com\/de\/impressum\/","og_site_name":"Ripack Supplies f\u00fchrend bei Schrumpfverpackungen","article_modified_time":"2024-01-08T16:31:03+00:00","twitter_card":"summary_large_image","twitter_misc":{"Gesch\u00e4tzte Lesezeit":"7\u00a0Minuten"},"schema":{"@context":"https:\/\/schema.org","@graph":[{"@type":"WebPage","@id":"https:\/\/ripack-supplies.com\/de\/impressum\/","url":"https:\/\/ripack-supplies.com\/de\/impressum\/","name":"Impressum | Ripack Supplies f\u00fchrend bei Schrumpfverpackungen","isPartOf":{"@id":"https:\/\/ripack-supplies.com\/de\/#website"},"datePublished":"2024-01-08T16:28:37+00:00","dateModified":"2024-01-08T16:31:03+00:00","breadcrumb":{"@id":"https:\/\/ripack-supplies.com\/de\/impressum\/#breadcrumb"},"inLanguage":"de","potentialAction":[{"@type":"ReadAction","target":["https:\/\/ripack-supplies.com\/de\/impressum\/"]}]},{"@type":"BreadcrumbList","@id":"https:\/\/ripack-supplies.com\/de\/impressum\/#breadcrumb","itemListElement":[{"@type":"ListItem","position":1,"name":"Home","item":"https:\/\/ripack-supplies.com\/de\/"},{"@type":"ListItem","position":2,"name":"Impressum"}]},{"@type":"WebSite","@id":"https:\/\/ripack-supplies.com\/de\/#website","url":"https:\/\/ripack-supplies.com\/de\/","name":"Ripack Supplies f\u00fchrend bei Schrumpfverpackungen","description":"","potentialAction":[{"@type":"SearchAction","target":{"@type":"EntryPoint","urlTemplate":"https:\/\/ripack-supplies.com\/de\/?s={search_term_string}"},"query-input":{"@type":"PropertyValueSpecification","valueRequired":true,"valueName":"search_term_string"}}],"inLanguage":"de"}]}},"_links":{"self":[{"href":"https:\/\/ripack-supplies.com\/de\/wp-json\/wp\/v2\/pages\/2577","targetHints":{"allow":["GET"]}}],"collection":[{"href":"https:\/\/ripack-supplies.com\/de\/wp-json\/wp\/v2\/pages"}],"about":[{"href":"https:\/\/ripack-supplies.com\/de\/wp-json\/wp\/v2\/types\/page"}],"author":[{"embeddable":true,"href":"https:\/\/ripack-supplies.com\/de\/wp-json\/wp\/v2\/users\/1"}],"replies":[{"embeddable":true,"href":"https:\/\/ripack-supplies.com\/de\/wp-json\/wp\/v2\/comments?post=2577"}],"version-history":[{"count":1,"href":"https:\/\/ripack-supplies.com\/de\/wp-json\/wp\/v2\/pages\/2577\/revisions"}],"predecessor-version":[{"id":2578,"href":"https:\/\/ripack-supplies.com\/de\/wp-json\/wp\/v2\/pages\/2577\/revisions\/2578"}],"wp:attachment":[{"href":"https:\/\/ripack-supplies.com\/de\/wp-json\/wp\/v2\/media?parent=2577"}],"curies":[{"name":"wp","href":"https:\/\/api.w.org\/{rel}","templated":true}]}}