{"id":2586,"date":"2024-01-09T09:15:19","date_gmt":"2024-01-09T08:15:19","guid":{"rendered":"http:\/\/ripack-supplies.com\/?page_id=2586"},"modified":"2024-01-09T09:17:40","modified_gmt":"2024-01-09T08:17:40","slug":"hinweise-zum-datenschutz","status":"publish","type":"page","link":"https:\/\/ripack-supplies.com\/de\/hinweise-zum-datenschutz\/","title":{"rendered":"Hinweise zum Datenschutz"},"content":{"rendered":"\n<p>Sefmat verpflichtet sich, Ihre Privatsph\u00e4re zu sch\u00fctzen. Kontaktieren Sie uns unter contact@ripacksupplies.com, wenn Sie Fragen oder Probleme bez\u00fcglich der Verwendung Ihrer pers\u00f6nlichen Daten haben, und wir helfen Ihnen gerne weiter.<br>Durch die Nutzung dieser Website oder \/ und unserer Dienste stimmen Sie der Verarbeitung Ihrer pers\u00f6nlichen Daten zu, wie in dieser Datenschutzrichtlinie beschrieben.<\/p>\n\n\n\n<h3 class=\"wp-block-heading\">Inhalt<\/h3>\n\n\n\n<ol class=\"wp-block-list\">\n<li><a href=\"#gdpr-definitions\">In dieser Richtlinie verwendete Definitionen<\/a><\/li>\n\n\n\n<li><a href=\"#gdpr-principles\">Die Datenschutzgrunds\u00e4tze, denen wir folgen<\/a><\/li>\n\n\n\n<li><a href=\"#gdpr-rights\">Was sind Ihre Rechte in Bezug auf Ihre pers\u00f6nlichen Daten?<\/a><\/li>\n\n\n\n<li><a href=\"#gdpr-information\">Welche personenbezogenen Daten sammeln wir \u00fcber Sie?<\/a><\/li>\n\n\n\n<li><a href=\"#gdpr-processing\">Wie wir Ihre pers\u00f6nlichen Daten verwenden<\/a><\/li>\n\n\n\n<li><a href=\"#gdpr-sharing\">Wer sonst hat Zugriff auf Ihre pers\u00f6nlichen Daten<\/a><\/li>\n\n\n\n<li><a href=\"#gdpr-security\">Wie wir Ihre Daten sichern<\/a><\/li>\n\n\n\n<li><a href=\"#gdpr-cookies\">Informationen zu Cookies<\/a><\/li>\n\n\n\n<li><a href=\"#gdpr-contact\">Kontaktinformation<\/a><\/li>\n<\/ol>\n\n\n\n<h3 class=\"wp-block-heading\" id=\"gdpr-definitions\">Definitionen<\/h3>\n\n\n\n<p><strong>Personenbezogene Daten<\/strong> \u2013 alle Informationen, die sich auf eine identifizierte oder identifizierbare nat\u00fcrliche Person beziehen. <br> <strong>Verarbeitung<\/strong> \u2013 jede Operation oder Gruppe von Operationen, die an personenbezogenen Daten oder an S\u00e4tzen personenbezogener Daten ausgef\u00fchrt werden. <br> <strong>Betroffene<\/strong> Person \u2013 eine nat\u00fcrliche Person, deren personenbezogene Daten verarbeitet werden. <br> <strong>Kind<\/strong> \u2013 eine nat\u00fcrliche Person unter 16 Jahren. <br> <strong>Wir \/ uns<\/strong> (in Gro\u00dfbuchstaben oder nicht) \u2013 Sefmat<\/p>\n\n\n\n<h3 class=\"wp-block-heading\" id=\"gdpr-principles\">Grunds\u00e4tze des Datenschutzes<\/h3>\n\n\n\n<p>Wir verpflichten uns, die folgenden Datenschutzgrunds\u00e4tze einzuhalten:<\/p>\n\n\n\n<ul class=\"wp-block-list\">\n<li>Die Verarbeitung ist legal, fair und transparent. Unsere Verarbeitungsaktivit\u00e4ten sind rechtlich begr\u00fcndet. Wir ber\u00fccksichtigen immer Ihre Rechte, bevor wir personenbezogene Daten verarbeiten. Auf Anfrage stellen wir Ihnen Informationen zur Datenverarbeitung zur Verf\u00fcgung.<\/li>\n\n\n\n<li>Die Verarbeitung ist auf den Zweck beschr\u00e4nkt. Unsere Verarbeitungsaktivit\u00e4ten entsprechen dem Zweck, f\u00fcr den die personenbezogenen Daten erhoben wurden.<\/li>\n\n\n\n<li>Die Verarbeitung erfolgt mit einem Minimum an Daten. Wir erheben und verarbeiten nur die f\u00fcr einen bestimmten Zweck erforderlichen personenbezogenen Mindestdaten.<\/li>\n\n\n\n<li>Die Verarbeitung ist zeitlich begrenzt. Wir werden Ihre pers\u00f6nlichen Daten nicht l\u00e4nger als n\u00f6tig aufbewahren.<\/li>\n\n\n\n<li>Wir werden unser Bestes tun, um die Richtigkeit der Daten zu gew\u00e4hrleisten.<\/li>\n\n\n\n<li>Wir werden unser Bestes tun, um die Integrit\u00e4t und Vertraulichkeit der Daten zu gew\u00e4hrleisten.<\/li>\n<\/ul>\n\n\n\n<h3 class=\"wp-block-heading\" id=\"gdpr-rights\">Rechte der betroffenen Person<\/h3>\n\n\n\n<p>Die betroffene Person hat folgende Rechte:<\/p>\n\n\n\n<ol class=\"wp-block-list\">\n<li>Auskunftsrecht \u2013 das hei\u00dft, Sie haben das Recht zu erfahren, ob Ihre personenbezogenen Daten verarbeitet werden; Welche Daten werden gesammelt, wo werden sie gewonnen und warum und von wem werden sie verarbeitet?<\/li>\n\n\n\n<li>Zugriffsrecht \u2013 Dies bedeutet, dass Sie das Recht haben, auf Daten zuzugreifen, die von oder \u00fcber Sie gesammelt wurden. Dies schlie\u00dft Ihr Recht ein, eine Kopie der gesammelten pers\u00f6nlichen Daten \u00fcber Sie anzufordern und zu erhalten.<\/li>\n\n\n\n<li>Recht auf Berichtigung \u2013 Das hei\u00dft, Sie haben das Recht, eine Berichtigung oder L\u00f6schung Ihrer personenbezogenen Daten zu verlangen, die ungenau oder unvollst\u00e4ndig sind.<\/li>\n\n\n\n<li>Recht auf L\u00f6schung \u2013 Dies bedeutet, dass Sie unter bestimmten Umst\u00e4nden verlangen k\u00f6nnen, dass Ihre pers\u00f6nlichen Daten aus unseren Aufzeichnungen gel\u00f6scht werden.<\/li>\n\n\n\n<li>Recht, die Verarbeitung einzuschr\u00e4nken \u2013 d. H. Wenn bestimmte Bedingungen gelten, haben Sie das Recht, die Verarbeitung Ihrer pers\u00f6nlichen Daten einzuschr\u00e4nken.<\/li>\n\n\n\n<li>Widerspruchsrecht \u2013 Dies bedeutet, dass Sie in bestimmten F\u00e4llen das Recht haben, der Verarbeitung Ihrer personenbezogenen Daten zu widersprechen, beispielsweise im Fall von Direktmarketing.<\/li>\n\n\n\n<li>Widerspruchsrecht gegen die automatisierte Verarbeitung \u2013 Das hei\u00dft, Sie haben das Recht, der automatisierten Verarbeitung, einschlie\u00dflich der Profilerstellung, zu widersprechen und keiner Entscheidung zu unterliegen, die ausschlie\u00dflich auf der automatisierten Verarbeitung beruht. Dieses Recht k\u00f6nnen Sie aus\u00fcben, wenn ein Ergebnis der Profilerstellung rechtliche Auswirkungen auf Sie hat oder Sie erheblich beeintr\u00e4chtigt.<\/li>\n\n\n\n<li>Recht auf Daten\u00fcbertragbarkeit \u2013 Sie haben das Recht, Ihre pers\u00f6nlichen Daten in einem maschinenlesbaren Format oder, wenn m\u00f6glich, in Form einer direkten \u00dcbertragung von einem Prozessor auf einen anderen zu erhalten.<\/li>\n\n\n\n<li>Recht, eine Beschwerde einzureichen \u2013 Wenn wir Ihre Anfrage nach Zugriffsrechten ablehnen, werden wir Ihnen die Gr\u00fcnde mitteilen. Wenn Sie mit der Bearbeitung Ihrer Anfrage nicht zufrieden sind, kontaktieren Sie uns bitte.<\/li>\n\n\n\n<li>Recht auf Hilfe von der <a href=\"#gdpr-contact\">Aufsichtsbeh\u00f6rde<\/a> \u2013 das hei\u00dft, Sie haben das Recht, von der Aufsichtsbeh\u00f6rde zu helfen, und das Recht auf andere Rechtsmittel wie die Geltendmachung von Schadensersatzanspr\u00fcchen.<\/li>\n\n\n\n<li>Widerrufsrecht \u2013 Sie haben das Recht, die Einwilligung zur Verarbeitung Ihrer personenbezogenen Daten zu widerrufen.<\/li>\n<\/ol>\n\n\n\n<h3 class=\"wp-block-heading\" id=\"gdpr-information\">Die Daten, die wir sammeln<\/h3>\n\n\n\n<p><strong>Informationen, die Sie uns zur Verf\u00fcgung gestellt haben<\/strong><br> Dies kann Ihre E-Mail-Adresse, Ihr Name, Ihre Rechnungsadresse, Ihre Privatadresse usw. sein. \u2013 haupts\u00e4chlich Informationen, die erforderlich sind, um Ihnen ein Produkt \/ eine Dienstleistung zu liefern oder Ihr Kundenerlebnis bei uns zu verbessern. Wir speichern die Informationen, die Sie uns zur Verf\u00fcgung stellen, damit Sie Kommentare abgeben oder andere Aktivit\u00e4ten auf der Website ausf\u00fchren k\u00f6nnen. Zu diesen Informationen geh\u00f6ren beispielsweise Ihr Name und Ihre E-Mail-Adresse.<\/p>\n\n\n\n<p><strong>Automatisch \u00fcber Sie gesammelte Informationen<\/strong><br> Dies schlie\u00dft Informationen ein, die automatisch von Cookies und anderen Sitzungstools gespeichert werden. Zum Beispiel Informationen zu Ihrem Warenkorb, Ihrer IP-Adresse, Ihrem Einkaufsverlauf (falls vorhanden) usw. Diese Informationen werden verwendet, um Ihre Erfahrung als Kunde zu verbessern. Diese Informationen werden verwendet, um Ihre Erfahrung als Kunde zu verbessern. Wenn Sie unsere Dienste nutzen oder den Inhalt unserer Website anzeigen, werden Ihre Aktivit\u00e4ten m\u00f6glicherweise aufgezeichnet.<\/p>\n\n\n\n<p><strong>Informationen von unseren Partnern<\/strong><br> Wir sammeln Informationen von unseren vertrauensw\u00fcrdigen Partnern, indem wir best\u00e4tigen, dass sie rechtliche Gr\u00fcnde haben, uns diese mitzuteilen. Dies sind entweder Informationen, die Sie ihnen direkt zur Verf\u00fcgung gestellt haben, oder Informationen, die sie aus anderen rechtlichen Gr\u00fcnden \u00fcber Sie gesammelt haben. Konsultieren Sie die Liste unserer Partner <a href=\"#gdpr-sharing\">hier<\/a> .<\/p>\n\n\n\n<p><strong>\u00d6ffentlich zug\u00e4ngliche Informationen<\/strong><br> Wir k\u00f6nnen \u00f6ffentlich zug\u00e4ngliche Informationen \u00fcber Sie sammeln.<\/p>\n\n\n\n<h3 class=\"wp-block-heading\" id=\"gdpr-processing\">Wie wir Ihre pers\u00f6nlichen Daten verwenden<\/h3>\n\n\n\n<p>Wir verwenden Ihre pers\u00f6nlichen Daten, um:<\/p>\n\n\n\n<ul class=\"wp-block-list\">\n<li>bieten Ihnen unseren Service. Dies umfasst beispielsweise die Registrierung Ihres Kontos, die Bereitstellung anderer von Ihnen angeforderter Produkte und Dienstleistungen, die Bereitstellung von Werbeartikeln auf Ihre Anfrage und die Kommunikation mit Ihnen im Zusammenhang mit diesen Produkten und Dienstleistungen, die Kommunikation und Interaktion mit Ihnen sowie die Benachrichtigung \u00fcber \u00c4nderungen an jeder Service.<\/li>\n\n\n\n<li>verbessern Sie Ihr Kundenerlebnis;<\/li>\n\n\n\n<li>eine rechtliche oder vertragliche Verpflichtung erf\u00fcllen;<\/li>\n\n\n\n<li>Benachrichtigen Sie, sobald ein Angebot Ihrer Anfrage entspricht.<\/li>\n<\/ul>\n\n\n\n<p>Wir verwenden Ihre personenbezogenen Daten aus legitimen Gr\u00fcnden und \/ oder mit Ihrer Zustimmung.<\/p>\n\n\n\n<p>Aufgrund des Vertragsschlusses oder der Erf\u00fcllung vertraglicher Verpflichtungen verarbeiten wir Ihre personenbezogenen Daten zu folgenden Zwecken:<\/p>\n\n\n\n<ul class=\"wp-block-list\">\n<li>um dich zu identifizieren;<\/li>\n\n\n\n<li>um Ihnen einen Service zu bieten oder Ihnen ein Produkt zu senden \/ anzubieten;<\/li>\n\n\n\n<li>entweder zum Verkauf oder zur Rechnungsstellung zu kommunizieren.<\/li>\n<\/ul>\n\n\n\n<p>Aus berechtigten Gr\u00fcnden verarbeiten wir Ihre personenbezogenen Daten zu folgenden Zwecken:<\/p>\n\n\n\n<ul class=\"wp-block-list\">\n<li>um Ihnen personalisierte Angebote * zu senden (von uns und \/ oder unseren sorgf\u00e4ltig ausgew\u00e4hlten Partnern);<\/li>\n\n\n\n<li>Verwaltung und Analyse unserer Kundenbasis (Kaufverhalten und -historie), um die Qualit\u00e4t, Vielfalt und Verf\u00fcgbarkeit der angebotenen \/ angebotenen Produkte \/ Dienstleistungen zu verbessern;<\/li>\n\n\n\n<li>Umfragen zur Kundenzufriedenheit durchzuf\u00fchren.<\/li>\n<\/ul>\n\n\n\n<p>Solange Sie uns nichts anderes mitgeteilt haben, betrachten wir unser berechtigtes Interesse darin, Ihnen Produkte \/ Dienstleistungen anzubieten, die Ihrer Kaufhistorie \/ Ihrem Surfverhalten \u00e4hnlich oder identisch sind.<\/p>\n\n\n\n<p>Mit Ihrer Zustimmung verarbeiten wir Ihre personenbezogenen Daten zu folgenden Zwecken:<\/p>\n\n\n\n<ul class=\"wp-block-list\">\n<li>um Ihnen Newsletter und Kampagnenangebote zu senden (von uns und \/ oder unseren sorgf\u00e4ltig ausgew\u00e4hlten Partnern);<\/li>\n\n\n\n<li>f\u00fcr andere Zwecke, f\u00fcr die wir Ihre Zustimmung angefordert haben.<\/li>\n<\/ul>\n\n\n\n<p>Wir verarbeiten Ihre personenbezogenen Daten, um die sich aus dem Gesetz ergebenden Verpflichtungen zu erf\u00fcllen und \/ oder Ihre personenbezogenen Daten f\u00fcr die gesetzlich vorgesehenen M\u00f6glichkeiten zu verwenden. Wir behalten uns das Recht vor, die erhobenen personenbezogenen Daten zu anonymisieren und zu verwenden. Wir werden Daten au\u00dferhalb des Geltungsbereichs dieser Richtlinie nur verwenden, wenn sie anonymisiert sind. Wir bewahren Ihre Rechnungsinformationen und andere \u00fcber Sie gesammelte Informationen so lange auf, wie dies f\u00fcr Buchhaltungszwecke oder zur Erf\u00fcllung anderer gesetzlicher Verpflichtungen erforderlich ist, jedoch nicht l\u00e4nger als die von der CNIL festgelegte \u201eLebensdauer\u201c der personenbezogenen Daten<\/p>\n\n\n\n<p>Wir k\u00f6nnen Ihre personenbezogenen Daten f\u00fcr zus\u00e4tzliche Zwecke verarbeiten, die hier nicht erw\u00e4hnt werden, aber mit dem urspr\u00fcnglichen Zweck kompatibel sind, f\u00fcr den die Daten erhoben wurden. Dazu stellen wir Folgendes sicher:<\/p>\n\n\n\n<ul class=\"wp-block-list\">\n<li>Die Verkn\u00fcpfung zwischen den Zwecken, dem Kontext und der Art der personenbezogenen Daten ist f\u00fcr die weitere Verarbeitung geeignet.<\/li>\n\n\n\n<li>Die Weiterverarbeitung w\u00fcrde Ihren Interessen nicht schaden und<\/li>\n\n\n\n<li>es w\u00fcrde eine angemessene Garantie f\u00fcr die Behandlung geben.<\/li>\n<\/ul>\n\n\n\n<p>Wir werden Sie \u00fcber jede weitere Verarbeitung und deren Zwecke informieren.<\/p>\n\n\n\n<h3 class=\"wp-block-heading\" id=\"gdpr-sharing\">Wer sonst kann auf Ihre pers\u00f6nlichen Daten zugreifen<\/h3>\n\n\n\n<p>Wir geben Ihre pers\u00f6nlichen Daten nicht an Fremde weiter. In einigen F\u00e4llen werden personenbezogene Daten, die Sie betreffen, an unsere vertrauensw\u00fcrdigen Partner weitergegeben, um die Bereitstellung des Dienstes zu erm\u00f6glichen oder Ihre Erfahrung als Kunde zu verbessern.<\/p>\n\n\n\n<p>Wir arbeiten nur mit Verarbeitungspartnern zusammen, die einen angemessenen Schutz Ihrer pers\u00f6nlichen Daten gew\u00e4hrleisten k\u00f6nnen. Wir geben Ihre personenbezogenen Daten an Dritte oder Beamte weiter, wenn wir gesetzlich dazu verpflichtet sind. Wir k\u00f6nnen Ihre personenbezogenen Daten an Dritte weitergeben, wenn Sie damit einverstanden sind oder wenn andere rechtliche Gr\u00fcnde vorliegen.<\/p>\n\n\n\n<h3 class=\"wp-block-heading\" id=\"gdpr-security\">Wie wir Ihre Daten sichern<\/h3>\n\n\n\n<p>Wir tun unser Bestes, um Ihre pers\u00f6nlichen Daten sicher zu halten. Wir verwenden sichere Protokolle f\u00fcr die Kommunikation und Daten\u00fcbertragung (wie HTTPS). Gegebenenfalls verwenden wir Anonymit\u00e4t und Pseudonymit\u00e4t. Wir \u00fcberwachen unsere Systeme auf m\u00f6gliche Schwachstellen und Angriffe.<\/p>\n\n\n\n<p>Obwohl wir unser Bestes geben, k\u00f6nnen wir die Sicherheit von Informationen nicht garantieren. Wir verpflichten uns jedoch, die zust\u00e4ndigen Beh\u00f6rden im Falle eines Datenversto\u00dfes zu informieren. Wir werden Sie auch im Falle einer Bedrohung Ihrer Rechte oder Interessen informieren. Wir werden alles M\u00f6gliche tun, um Sicherheitsverletzungen zu verhindern und die Beh\u00f6rden im Falle einer Verletzung zu unterst\u00fctzen.<\/p>\n\n\n\n<p>Wenn Sie ein Konto bei uns haben, beachten Sie bitte, dass Sie Ihren Benutzernamen und Ihr Passwort geheim halten m\u00fcssen.<\/p>\n\n\n\n<h3 class=\"wp-block-heading\">Kinder<\/h3>\n\n\n\n<p>Wir beabsichtigen nicht, wissentlich Informationen von Kindern zu sammeln oder zu sammeln. Wir richten uns mit unseren Dienstleistungen nicht an Kinder.<\/p>\n\n\n\n<h3 class=\"wp-block-heading\" id=\"gdpr-cookies\">Cookies und andere Technologien, die wir verwenden<\/h3>\n\n\n\n<p>Wir verwenden Cookies und \/ oder \u00e4hnliche Technologien, um das Kundenverhalten zu analysieren, die Website zu verwalten, Benutzerbewegungen zu verfolgen und Benutzerinformationen zu sammeln. Dies geschieht, um Ihre Erfahrung mit uns zu personalisieren und zu verbessern.<\/p>\n\n\n\n<p>Ein Cookie ist eine kleine Textdatei, die auf Ihrem Computer gespeichert ist. Cookies speichern Informationen, mit denen Websites funktionieren. Wir sind die einzigen, die auf die von unserer Website erstellten Cookies zugreifen k\u00f6nnen. Sie k\u00f6nnen Ihre Cookies auf Browserebene steuern. Wenn Sie Cookies deaktivieren, besteht die Gefahr, dass Sie die Verwendung bestimmter Funktionen verhindern.<\/p>\n\n\n\n<p><strong>Wir verwenden Cookies f\u00fcr folgende Zwecke:<\/strong><\/p>\n\n\n\n<ul class=\"wp-block-list\">\n<li>Notwendige Cookies \u2013 Diese Cookies sind erforderlich, damit Sie einige wichtige Funktionen unserer Website nutzen k\u00f6nnen, z. B. das Anmelden. Diese Cookies sammeln keine pers\u00f6nlichen Daten.<\/li>\n\n\n\n<li>Funktionscookies \u2013 Diese Cookies bieten Funktionen, die die Nutzung unseres Dienstes komfortabler machen und die Bereitstellung personalisierter Funktionen erm\u00f6glichen. Beispielsweise k\u00f6nnen sie sich Ihren Namen und Ihre E-Mail-Adresse in Kommentarformularen merken, sodass Sie diese Informationen beim n\u00e4chsten Kommentar nicht erneut eingeben m\u00fcssen.<\/li>\n\n\n\n<li>Analytische Cookies \u2013 Diese Cookies werden verwendet, um die Nutzung und Leistung unserer Website und unserer Dienste zu verfolgen<\/li>\n\n\n\n<li>Werbe-Cookies \u2013 Diese Cookies werden verwendet, um Werbung zu schalten, die f\u00fcr Sie relevant ist und Ihren Interessen entspricht. Dar\u00fcber hinaus werden sie verwendet, um die H\u00e4ufigkeit zu begrenzen, mit der Sie eine Werbung sehen. Sie werden in der Regel von Werbenetzwerken mit Genehmigung des Website-Betreibers auf der Website platziert. Diese Cookies erinnern daran, dass Sie eine Website besucht haben und diese Informationen an andere Organisationen wie Werbetreibende weitergegeben werden. Targeting- oder Werbe-Cookies sind h\u00e4ufig mit den von der anderen Organisation bereitgestellten Website-Funktionen verkn\u00fcpft.<\/li>\n<\/ul>\n\n\n\n<p>Sie k\u00f6nnen auf Ihrem Computer gespeicherte Cookies \u00fcber Ihre Browsereinstellungen l\u00f6schen. Sie k\u00f6nnen bestimmte Cookies von Drittanbietern auch mithilfe einer Plattform zur Verbesserung der Privatsph\u00e4re wie <a href=\"http:\/\/optout.aboutads.info\/%23!\/\" target=\"_blank\" rel=\"noopener noreferrer\">optout.aboutads.info<\/a> oder <a href=\"http:\/\/www.youronlinechoices.com\/\" target=\"_blank\" rel=\"noopener noreferrer\">youronlinechoices.com steuern<\/a> . Weitere Informationen zu Cookies finden Sie unter <a href=\"http:\/\/www.allaboutcookies.org\" target=\"_blank\" rel=\"noopener noreferrer\">allaboutcookies.org<\/a> .<\/p>\n\n\n\n<p>Wir verwenden Google Analytics, um den Verkehr auf unserer Website zu messen. Google hat eine eigene Datenschutzrichtlinie, die Sie <a href=\"https:\/\/support.google.com\/analytics\/answer\/6004245\" target=\"_blank\" rel=\"noopener noreferrer\">hier<\/a> einsehen k\u00f6nnen . Wenn Sie Tracking von Google Analytics deaktivieren m\u00f6chten, rufen Sie die Google Analytics Opt \u2013 out \u2013 <a href=\"https:\/\/tools.google.com\/dlpage\/gaoptout\" target=\"_blank\" rel=\"noopener noreferrer\">Seite<\/a> .<\/p>\n\n\n\n<h3 class=\"wp-block-heading\" id=\"gdpr-contact\">Kontaktinformation<\/h3>\n\n\n\n<p><strong id=\"gdpr-dpa\">Aufsichtsbeh\u00f6rde<\/strong><\/p>\n\n\n\n<h3 class=\"wp-block-heading\" id=\"gdpr-changes\">\u00c4nderungen dieser Datenschutzrichtlinie<\/h3>\n\n\n\n<p>Wir behalten uns das Recht vor, diese Datenschutzrichtlinie zu \u00e4ndern. <br>Die letzte \u00c4nderung stammt vom 25. September 2020.<\/p>\n","protected":false},"excerpt":{"rendered":"<p>Sefmat verpflichtet sich, Ihre Privatsph\u00e4re zu sch\u00fctzen. Kontaktieren Sie uns unter contact@ripacksupplies.com, wenn Sie Fragen oder Probleme bez\u00fcglich der Verwendung Ihrer pers\u00f6nlichen Daten haben, und wir helfen Ihnen gerne weiter.Durch [&hellip;]<\/p>\n","protected":false},"author":1,"featured_media":0,"parent":0,"menu_order":16,"comment_status":"closed","ping_status":"closed","template":"page-mentions.php","meta":{"_acf_changed":false,"footnotes":""},"class_list":["post-2586","page","type-page","status-publish","hentry"],"acf":[],"yoast_head":"<!-- This site is optimized with the Yoast SEO plugin v27.3 - https:\/\/yoast.com\/product\/yoast-seo-wordpress\/ -->\n<title>Hinweise zum Datenschutz | Ripack Supplies f\u00fchrend bei Schrumpfverpackungen<\/title>\n<meta name=\"robots\" content=\"index, follow, max-snippet:-1, max-image-preview:large, max-video-preview:-1\" \/>\n<link rel=\"canonical\" href=\"https:\/\/ripack-supplies.com\/de\/hinweise-zum-datenschutz\/\" \/>\n<meta property=\"og:locale\" content=\"de_DE\" \/>\n<meta property=\"og:type\" content=\"article\" \/>\n<meta property=\"og:title\" content=\"Hinweise zum Datenschutz | Ripack Supplies f\u00fchrend bei Schrumpfverpackungen\" \/>\n<meta property=\"og:description\" content=\"Sefmat verpflichtet sich, Ihre Privatsph\u00e4re zu sch\u00fctzen. Kontaktieren Sie uns unter contact@ripacksupplies.com, wenn Sie Fragen oder Probleme bez\u00fcglich der Verwendung Ihrer pers\u00f6nlichen Daten haben, und wir helfen Ihnen gerne weiter.Durch [&hellip;]\" \/>\n<meta property=\"og:url\" content=\"https:\/\/ripack-supplies.com\/de\/hinweise-zum-datenschutz\/\" \/>\n<meta property=\"og:site_name\" content=\"Ripack Supplies f\u00fchrend bei Schrumpfverpackungen\" \/>\n<meta property=\"article:modified_time\" content=\"2024-01-09T08:17:40+00:00\" \/>\n<meta name=\"twitter:card\" content=\"summary_large_image\" \/>\n<meta name=\"twitter:label1\" content=\"Gesch\u00e4tzte Lesezeit\" \/>\n\t<meta name=\"twitter:data1\" content=\"10\u00a0Minuten\" \/>\n<script type=\"application\/ld+json\" class=\"yoast-schema-graph\">{\"@context\":\"https:\\\/\\\/schema.org\",\"@graph\":[{\"@type\":\"WebPage\",\"@id\":\"https:\\\/\\\/ripack-supplies.com\\\/de\\\/hinweise-zum-datenschutz\\\/\",\"url\":\"https:\\\/\\\/ripack-supplies.com\\\/de\\\/hinweise-zum-datenschutz\\\/\",\"name\":\"Hinweise zum Datenschutz | Ripack Supplies f\u00fchrend bei Schrumpfverpackungen\",\"isPartOf\":{\"@id\":\"https:\\\/\\\/ripack-supplies.com\\\/de\\\/#website\"},\"datePublished\":\"2024-01-09T08:15:19+00:00\",\"dateModified\":\"2024-01-09T08:17:40+00:00\",\"breadcrumb\":{\"@id\":\"https:\\\/\\\/ripack-supplies.com\\\/de\\\/hinweise-zum-datenschutz\\\/#breadcrumb\"},\"inLanguage\":\"de\",\"potentialAction\":[{\"@type\":\"ReadAction\",\"target\":[\"https:\\\/\\\/ripack-supplies.com\\\/de\\\/hinweise-zum-datenschutz\\\/\"]}]},{\"@type\":\"BreadcrumbList\",\"@id\":\"https:\\\/\\\/ripack-supplies.com\\\/de\\\/hinweise-zum-datenschutz\\\/#breadcrumb\",\"itemListElement\":[{\"@type\":\"ListItem\",\"position\":1,\"name\":\"Home\",\"item\":\"https:\\\/\\\/ripack-supplies.com\\\/de\\\/\"},{\"@type\":\"ListItem\",\"position\":2,\"name\":\"Hinweise zum Datenschutz\"}]},{\"@type\":\"WebSite\",\"@id\":\"https:\\\/\\\/ripack-supplies.com\\\/de\\\/#website\",\"url\":\"https:\\\/\\\/ripack-supplies.com\\\/de\\\/\",\"name\":\"Ripack Supplies f\u00fchrend bei Schrumpfverpackungen\",\"description\":\"\",\"potentialAction\":[{\"@type\":\"SearchAction\",\"target\":{\"@type\":\"EntryPoint\",\"urlTemplate\":\"https:\\\/\\\/ripack-supplies.com\\\/de\\\/?s={search_term_string}\"},\"query-input\":{\"@type\":\"PropertyValueSpecification\",\"valueRequired\":true,\"valueName\":\"search_term_string\"}}],\"inLanguage\":\"de\"}]}<\/script>\n<!-- \/ Yoast SEO plugin. -->","yoast_head_json":{"title":"Hinweise zum Datenschutz | Ripack Supplies f\u00fchrend bei Schrumpfverpackungen","robots":{"index":"index","follow":"follow","max-snippet":"max-snippet:-1","max-image-preview":"max-image-preview:large","max-video-preview":"max-video-preview:-1"},"canonical":"https:\/\/ripack-supplies.com\/de\/hinweise-zum-datenschutz\/","og_locale":"de_DE","og_type":"article","og_title":"Hinweise zum Datenschutz | Ripack Supplies f\u00fchrend bei Schrumpfverpackungen","og_description":"Sefmat verpflichtet sich, Ihre Privatsph\u00e4re zu sch\u00fctzen. Kontaktieren Sie uns unter contact@ripacksupplies.com, wenn Sie Fragen oder Probleme bez\u00fcglich der Verwendung Ihrer pers\u00f6nlichen Daten haben, und wir helfen Ihnen gerne weiter.Durch [&hellip;]","og_url":"https:\/\/ripack-supplies.com\/de\/hinweise-zum-datenschutz\/","og_site_name":"Ripack Supplies f\u00fchrend bei Schrumpfverpackungen","article_modified_time":"2024-01-09T08:17:40+00:00","twitter_card":"summary_large_image","twitter_misc":{"Gesch\u00e4tzte Lesezeit":"10\u00a0Minuten"},"schema":{"@context":"https:\/\/schema.org","@graph":[{"@type":"WebPage","@id":"https:\/\/ripack-supplies.com\/de\/hinweise-zum-datenschutz\/","url":"https:\/\/ripack-supplies.com\/de\/hinweise-zum-datenschutz\/","name":"Hinweise zum Datenschutz | Ripack Supplies f\u00fchrend bei Schrumpfverpackungen","isPartOf":{"@id":"https:\/\/ripack-supplies.com\/de\/#website"},"datePublished":"2024-01-09T08:15:19+00:00","dateModified":"2024-01-09T08:17:40+00:00","breadcrumb":{"@id":"https:\/\/ripack-supplies.com\/de\/hinweise-zum-datenschutz\/#breadcrumb"},"inLanguage":"de","potentialAction":[{"@type":"ReadAction","target":["https:\/\/ripack-supplies.com\/de\/hinweise-zum-datenschutz\/"]}]},{"@type":"BreadcrumbList","@id":"https:\/\/ripack-supplies.com\/de\/hinweise-zum-datenschutz\/#breadcrumb","itemListElement":[{"@type":"ListItem","position":1,"name":"Home","item":"https:\/\/ripack-supplies.com\/de\/"},{"@type":"ListItem","position":2,"name":"Hinweise zum Datenschutz"}]},{"@type":"WebSite","@id":"https:\/\/ripack-supplies.com\/de\/#website","url":"https:\/\/ripack-supplies.com\/de\/","name":"Ripack Supplies f\u00fchrend bei Schrumpfverpackungen","description":"","potentialAction":[{"@type":"SearchAction","target":{"@type":"EntryPoint","urlTemplate":"https:\/\/ripack-supplies.com\/de\/?s={search_term_string}"},"query-input":{"@type":"PropertyValueSpecification","valueRequired":true,"valueName":"search_term_string"}}],"inLanguage":"de"}]}},"_links":{"self":[{"href":"https:\/\/ripack-supplies.com\/de\/wp-json\/wp\/v2\/pages\/2586","targetHints":{"allow":["GET"]}}],"collection":[{"href":"https:\/\/ripack-supplies.com\/de\/wp-json\/wp\/v2\/pages"}],"about":[{"href":"https:\/\/ripack-supplies.com\/de\/wp-json\/wp\/v2\/types\/page"}],"author":[{"embeddable":true,"href":"https:\/\/ripack-supplies.com\/de\/wp-json\/wp\/v2\/users\/1"}],"replies":[{"embeddable":true,"href":"https:\/\/ripack-supplies.com\/de\/wp-json\/wp\/v2\/comments?post=2586"}],"version-history":[{"count":1,"href":"https:\/\/ripack-supplies.com\/de\/wp-json\/wp\/v2\/pages\/2586\/revisions"}],"predecessor-version":[{"id":2587,"href":"https:\/\/ripack-supplies.com\/de\/wp-json\/wp\/v2\/pages\/2586\/revisions\/2587"}],"wp:attachment":[{"href":"https:\/\/ripack-supplies.com\/de\/wp-json\/wp\/v2\/media?parent=2586"}],"curies":[{"name":"wp","href":"https:\/\/api.w.org\/{rel}","templated":true}]}}