{"id":2290,"date":"2023-11-16T15:03:12","date_gmt":"2023-11-16T14:03:12","guid":{"rendered":"http:\/\/ripack-supplies.com\/?page_id=2290"},"modified":"2024-02-27T15:59:14","modified_gmt":"2024-02-27T14:59:14","slug":"configurador","status":"publish","type":"page","link":"https:\/\/ripack-supplies.com\/es\/configurador\/","title":{"rendered":"Configurador"},"content":{"rendered":"","protected":false},"excerpt":{"rendered":"","protected":false},"author":1,"featured_media":0,"parent":0,"menu_order":0,"comment_status":"closed","ping_status":"closed","template":"page-configurateur.php","meta":{"_acf_changed":false,"footnotes":""},"class_list":["post-2290","page","type-page","status-publish","hentry"],"acf":[],"yoast_head":"<!-- This site is optimized with the Yoast SEO plugin v27.3 - https:\/\/yoast.com\/product\/yoast-seo-wordpress\/ -->\n<title>Configurador | Ripack Suministros l\u00edder en productos termorretr\u00e1ctiles Configurador Ripack Supplies<\/title>\n<meta name=\"description\" content=\"Configurador Ripack Supplies: encuentre la soluci\u00f3n termorretr\u00e1ctil que mejor se adapte a sus necesidades para proteger sus grandes vol\u00famenes\" \/>\n<meta name=\"robots\" content=\"index, follow, max-snippet:-1, max-image-preview:large, max-video-preview:-1\" \/>\n<link rel=\"canonical\" href=\"https:\/\/ripack-supplies.com\/es\/configurador\/\" \/>\n<meta property=\"og:locale\" content=\"es_ES\" \/>\n<meta property=\"og:type\" content=\"article\" \/>\n<meta property=\"og:title\" content=\"Configurador | Ripack Suministros l\u00edder en productos termorretr\u00e1ctiles Configurador Ripack Supplies\" \/>\n<meta property=\"og:description\" content=\"Configurador Ripack Supplies: encuentre la soluci\u00f3n termorretr\u00e1ctil que mejor se adapte a sus necesidades para proteger sus grandes vol\u00famenes\" \/>\n<meta property=\"og:url\" content=\"https:\/\/ripack-supplies.com\/es\/configurador\/\" \/>\n<meta property=\"og:site_name\" content=\"Ripack Suministros l\u00edder en productos termorretr\u00e1ctiles\" \/>\n<meta property=\"article:modified_time\" content=\"2024-02-27T14:59:14+00:00\" \/>\n<meta name=\"twitter:card\" content=\"summary_large_image\" \/>\n<script type=\"application\/ld+json\" class=\"yoast-schema-graph\">{\"@context\":\"https:\\\/\\\/schema.org\",\"@graph\":[{\"@type\":\"WebPage\",\"@id\":\"https:\\\/\\\/ripack-supplies.com\\\/es\\\/configurador\\\/\",\"url\":\"https:\\\/\\\/ripack-supplies.com\\\/es\\\/configurador\\\/\",\"name\":\"Configurador | Ripack Suministros l\u00edder en productos termorretr\u00e1ctiles Configurador Ripack Supplies\",\"isPartOf\":{\"@id\":\"https:\\\/\\\/ripack-supplies.com\\\/es\\\/#website\"},\"datePublished\":\"2023-11-16T14:03:12+00:00\",\"dateModified\":\"2024-02-27T14:59:14+00:00\",\"description\":\"Configurador Ripack Supplies: encuentre la soluci\u00f3n termorretr\u00e1ctil que mejor se adapte a sus necesidades para proteger sus grandes vol\u00famenes\",\"breadcrumb\":{\"@id\":\"https:\\\/\\\/ripack-supplies.com\\\/es\\\/configurador\\\/#breadcrumb\"},\"inLanguage\":\"es\",\"potentialAction\":[{\"@type\":\"ReadAction\",\"target\":[\"https:\\\/\\\/ripack-supplies.com\\\/es\\\/configurador\\\/\"]}]},{\"@type\":\"BreadcrumbList\",\"@id\":\"https:\\\/\\\/ripack-supplies.com\\\/es\\\/configurador\\\/#breadcrumb\",\"itemListElement\":[{\"@type\":\"ListItem\",\"position\":1,\"name\":\"Home\",\"item\":\"https:\\\/\\\/ripack-supplies.com\\\/es\\\/\"},{\"@type\":\"ListItem\",\"position\":2,\"name\":\"Configurador\"}]},{\"@type\":\"WebSite\",\"@id\":\"https:\\\/\\\/ripack-supplies.com\\\/es\\\/#website\",\"url\":\"https:\\\/\\\/ripack-supplies.com\\\/es\\\/\",\"name\":\"Ripack Suministros l\u00edder en productos termorretr\u00e1ctiles\",\"description\":\"\",\"potentialAction\":[{\"@type\":\"SearchAction\",\"target\":{\"@type\":\"EntryPoint\",\"urlTemplate\":\"https:\\\/\\\/ripack-supplies.com\\\/es\\\/?s={search_term_string}\"},\"query-input\":{\"@type\":\"PropertyValueSpecification\",\"valueRequired\":true,\"valueName\":\"search_term_string\"}}],\"inLanguage\":\"es\"}]}<\/script>\n<!-- \/ Yoast SEO plugin. -->","yoast_head_json":{"title":"Configurador | Ripack Suministros l\u00edder en productos termorretr\u00e1ctiles Configurador Ripack Supplies","description":"Configurador Ripack Supplies: encuentre la soluci\u00f3n termorretr\u00e1ctil que mejor se adapte a sus necesidades para proteger sus grandes vol\u00famenes","robots":{"index":"index","follow":"follow","max-snippet":"max-snippet:-1","max-image-preview":"max-image-preview:large","max-video-preview":"max-video-preview:-1"},"canonical":"https:\/\/ripack-supplies.com\/es\/configurador\/","og_locale":"es_ES","og_type":"article","og_title":"Configurador | Ripack Suministros l\u00edder en productos termorretr\u00e1ctiles Configurador Ripack Supplies","og_description":"Configurador Ripack Supplies: encuentre la soluci\u00f3n termorretr\u00e1ctil que mejor se adapte a sus necesidades para proteger sus grandes vol\u00famenes","og_url":"https:\/\/ripack-supplies.com\/es\/configurador\/","og_site_name":"Ripack Suministros l\u00edder en productos termorretr\u00e1ctiles","article_modified_time":"2024-02-27T14:59:14+00:00","twitter_card":"summary_large_image","schema":{"@context":"https:\/\/schema.org","@graph":[{"@type":"WebPage","@id":"https:\/\/ripack-supplies.com\/es\/configurador\/","url":"https:\/\/ripack-supplies.com\/es\/configurador\/","name":"Configurador | Ripack Suministros l\u00edder en productos termorretr\u00e1ctiles Configurador Ripack Supplies","isPartOf":{"@id":"https:\/\/ripack-supplies.com\/es\/#website"},"datePublished":"2023-11-16T14:03:12+00:00","dateModified":"2024-02-27T14:59:14+00:00","description":"Configurador Ripack Supplies: encuentre la soluci\u00f3n termorretr\u00e1ctil que mejor se adapte a sus necesidades para proteger sus grandes vol\u00famenes","breadcrumb":{"@id":"https:\/\/ripack-supplies.com\/es\/configurador\/#breadcrumb"},"inLanguage":"es","potentialAction":[{"@type":"ReadAction","target":["https:\/\/ripack-supplies.com\/es\/configurador\/"]}]},{"@type":"BreadcrumbList","@id":"https:\/\/ripack-supplies.com\/es\/configurador\/#breadcrumb","itemListElement":[{"@type":"ListItem","position":1,"name":"Home","item":"https:\/\/ripack-supplies.com\/es\/"},{"@type":"ListItem","position":2,"name":"Configurador"}]},{"@type":"WebSite","@id":"https:\/\/ripack-supplies.com\/es\/#website","url":"https:\/\/ripack-supplies.com\/es\/","name":"Ripack Suministros l\u00edder en productos termorretr\u00e1ctiles","description":"","potentialAction":[{"@type":"SearchAction","target":{"@type":"EntryPoint","urlTemplate":"https:\/\/ripack-supplies.com\/es\/?s={search_term_string}"},"query-input":{"@type":"PropertyValueSpecification","valueRequired":true,"valueName":"search_term_string"}}],"inLanguage":"es"}]}},"_links":{"self":[{"href":"https:\/\/ripack-supplies.com\/es\/wp-json\/wp\/v2\/pages\/2290","targetHints":{"allow":["GET"]}}],"collection":[{"href":"https:\/\/ripack-supplies.com\/es\/wp-json\/wp\/v2\/pages"}],"about":[{"href":"https:\/\/ripack-supplies.com\/es\/wp-json\/wp\/v2\/types\/page"}],"author":[{"embeddable":true,"href":"https:\/\/ripack-supplies.com\/es\/wp-json\/wp\/v2\/users\/1"}],"replies":[{"embeddable":true,"href":"https:\/\/ripack-supplies.com\/es\/wp-json\/wp\/v2\/comments?post=2290"}],"version-history":[{"count":1,"href":"https:\/\/ripack-supplies.com\/es\/wp-json\/wp\/v2\/pages\/2290\/revisions"}],"predecessor-version":[{"id":2291,"href":"https:\/\/ripack-supplies.com\/es\/wp-json\/wp\/v2\/pages\/2290\/revisions\/2291"}],"wp:attachment":[{"href":"https:\/\/ripack-supplies.com\/es\/wp-json\/wp\/v2\/media?parent=2290"}],"curies":[{"name":"wp","href":"https:\/\/api.w.org\/{rel}","templated":true}]}}