{"id":2414,"date":"2023-10-30T10:48:45","date_gmt":"2023-10-30T09:48:45","guid":{"rendered":"http:\/\/ripack-supplies.com\/proteger-de-la-poussiere\/"},"modified":"2024-02-27T16:04:48","modified_gmt":"2024-02-27T15:04:48","slug":"proteja-del-polvo","status":"publish","type":"page","link":"https:\/\/ripack-supplies.com\/es\/proteja-del-polvo\/","title":{"rendered":"Proteja del polvo"},"content":{"rendered":"","protected":false},"excerpt":{"rendered":"","protected":false},"author":1,"featured_media":0,"parent":0,"menu_order":2,"comment_status":"closed","ping_status":"closed","template":"page-solutions.php","meta":{"_acf_changed":false,"footnotes":""},"class_list":["post-2414","page","type-page","status-publish","hentry"],"acf":[],"yoast_head":"<!-- This site is optimized with the Yoast SEO plugin v27.3 - https:\/\/yoast.com\/product\/yoast-seo-wordpress\/ -->\n<title>Proteja del polvo | Ripack Suministros l\u00edder en productos termorretr\u00e1ctiles Protecci\u00f3n contra el polvo<\/title>\n<meta name=\"description\" content=\"Al crear una segunda piel sobre sus grandes vol\u00famenes, nuestras films termorretr\u00e1ctiles los protegen del polvo.\" \/>\n<meta name=\"robots\" content=\"index, follow, max-snippet:-1, max-image-preview:large, max-video-preview:-1\" \/>\n<link rel=\"canonical\" href=\"https:\/\/ripack-supplies.com\/es\/proteja-del-polvo\/\" \/>\n<meta property=\"og:locale\" content=\"es_ES\" \/>\n<meta property=\"og:type\" content=\"article\" \/>\n<meta property=\"og:title\" content=\"Proteja del polvo | Ripack Suministros l\u00edder en productos termorretr\u00e1ctiles Protecci\u00f3n contra el polvo\" \/>\n<meta property=\"og:description\" content=\"Al crear una segunda piel sobre sus grandes vol\u00famenes, nuestras films termorretr\u00e1ctiles los protegen del polvo.\" \/>\n<meta property=\"og:url\" content=\"https:\/\/ripack-supplies.com\/es\/proteja-del-polvo\/\" \/>\n<meta property=\"og:site_name\" content=\"Ripack Suministros l\u00edder en productos termorretr\u00e1ctiles\" \/>\n<meta property=\"article:modified_time\" content=\"2024-02-27T15:04:48+00:00\" \/>\n<meta name=\"twitter:card\" content=\"summary_large_image\" \/>\n<script type=\"application\/ld+json\" class=\"yoast-schema-graph\">{\"@context\":\"https:\\\/\\\/schema.org\",\"@graph\":[{\"@type\":\"WebPage\",\"@id\":\"https:\\\/\\\/ripack-supplies.com\\\/es\\\/proteja-del-polvo\\\/\",\"url\":\"https:\\\/\\\/ripack-supplies.com\\\/es\\\/proteja-del-polvo\\\/\",\"name\":\"Proteja del polvo | Ripack Suministros l\u00edder en productos termorretr\u00e1ctiles Protecci\u00f3n contra el polvo\",\"isPartOf\":{\"@id\":\"https:\\\/\\\/ripack-supplies.com\\\/es\\\/#website\"},\"datePublished\":\"2023-10-30T09:48:45+00:00\",\"dateModified\":\"2024-02-27T15:04:48+00:00\",\"description\":\"Al crear una segunda piel sobre sus grandes vol\u00famenes, nuestras films termorretr\u00e1ctiles los protegen del polvo.\",\"breadcrumb\":{\"@id\":\"https:\\\/\\\/ripack-supplies.com\\\/es\\\/proteja-del-polvo\\\/#breadcrumb\"},\"inLanguage\":\"es\",\"potentialAction\":[{\"@type\":\"ReadAction\",\"target\":[\"https:\\\/\\\/ripack-supplies.com\\\/es\\\/proteja-del-polvo\\\/\"]}]},{\"@type\":\"BreadcrumbList\",\"@id\":\"https:\\\/\\\/ripack-supplies.com\\\/es\\\/proteja-del-polvo\\\/#breadcrumb\",\"itemListElement\":[{\"@type\":\"ListItem\",\"position\":1,\"name\":\"Home\",\"item\":\"https:\\\/\\\/ripack-supplies.com\\\/es\\\/\"},{\"@type\":\"ListItem\",\"position\":2,\"name\":\"Proteja del polvo\"}]},{\"@type\":\"WebSite\",\"@id\":\"https:\\\/\\\/ripack-supplies.com\\\/es\\\/#website\",\"url\":\"https:\\\/\\\/ripack-supplies.com\\\/es\\\/\",\"name\":\"Ripack Suministros l\u00edder en productos termorretr\u00e1ctiles\",\"description\":\"\",\"potentialAction\":[{\"@type\":\"SearchAction\",\"target\":{\"@type\":\"EntryPoint\",\"urlTemplate\":\"https:\\\/\\\/ripack-supplies.com\\\/es\\\/?s={search_term_string}\"},\"query-input\":{\"@type\":\"PropertyValueSpecification\",\"valueRequired\":true,\"valueName\":\"search_term_string\"}}],\"inLanguage\":\"es\"}]}<\/script>\n<!-- \/ Yoast SEO plugin. -->","yoast_head_json":{"title":"Proteja del polvo | Ripack Suministros l\u00edder en productos termorretr\u00e1ctiles Protecci\u00f3n contra el polvo","description":"Al crear una segunda piel sobre sus grandes vol\u00famenes, nuestras films termorretr\u00e1ctiles los protegen del polvo.","robots":{"index":"index","follow":"follow","max-snippet":"max-snippet:-1","max-image-preview":"max-image-preview:large","max-video-preview":"max-video-preview:-1"},"canonical":"https:\/\/ripack-supplies.com\/es\/proteja-del-polvo\/","og_locale":"es_ES","og_type":"article","og_title":"Proteja del polvo | Ripack Suministros l\u00edder en productos termorretr\u00e1ctiles Protecci\u00f3n contra el polvo","og_description":"Al crear una segunda piel sobre sus grandes vol\u00famenes, nuestras films termorretr\u00e1ctiles los protegen del polvo.","og_url":"https:\/\/ripack-supplies.com\/es\/proteja-del-polvo\/","og_site_name":"Ripack Suministros l\u00edder en productos termorretr\u00e1ctiles","article_modified_time":"2024-02-27T15:04:48+00:00","twitter_card":"summary_large_image","schema":{"@context":"https:\/\/schema.org","@graph":[{"@type":"WebPage","@id":"https:\/\/ripack-supplies.com\/es\/proteja-del-polvo\/","url":"https:\/\/ripack-supplies.com\/es\/proteja-del-polvo\/","name":"Proteja del polvo | Ripack Suministros l\u00edder en productos termorretr\u00e1ctiles Protecci\u00f3n contra el polvo","isPartOf":{"@id":"https:\/\/ripack-supplies.com\/es\/#website"},"datePublished":"2023-10-30T09:48:45+00:00","dateModified":"2024-02-27T15:04:48+00:00","description":"Al crear una segunda piel sobre sus grandes vol\u00famenes, nuestras films termorretr\u00e1ctiles los protegen del polvo.","breadcrumb":{"@id":"https:\/\/ripack-supplies.com\/es\/proteja-del-polvo\/#breadcrumb"},"inLanguage":"es","potentialAction":[{"@type":"ReadAction","target":["https:\/\/ripack-supplies.com\/es\/proteja-del-polvo\/"]}]},{"@type":"BreadcrumbList","@id":"https:\/\/ripack-supplies.com\/es\/proteja-del-polvo\/#breadcrumb","itemListElement":[{"@type":"ListItem","position":1,"name":"Home","item":"https:\/\/ripack-supplies.com\/es\/"},{"@type":"ListItem","position":2,"name":"Proteja del polvo"}]},{"@type":"WebSite","@id":"https:\/\/ripack-supplies.com\/es\/#website","url":"https:\/\/ripack-supplies.com\/es\/","name":"Ripack Suministros l\u00edder en productos termorretr\u00e1ctiles","description":"","potentialAction":[{"@type":"SearchAction","target":{"@type":"EntryPoint","urlTemplate":"https:\/\/ripack-supplies.com\/es\/?s={search_term_string}"},"query-input":{"@type":"PropertyValueSpecification","valueRequired":true,"valueName":"search_term_string"}}],"inLanguage":"es"}]}},"_links":{"self":[{"href":"https:\/\/ripack-supplies.com\/es\/wp-json\/wp\/v2\/pages\/2414","targetHints":{"allow":["GET"]}}],"collection":[{"href":"https:\/\/ripack-supplies.com\/es\/wp-json\/wp\/v2\/pages"}],"about":[{"href":"https:\/\/ripack-supplies.com\/es\/wp-json\/wp\/v2\/types\/page"}],"author":[{"embeddable":true,"href":"https:\/\/ripack-supplies.com\/es\/wp-json\/wp\/v2\/users\/1"}],"replies":[{"embeddable":true,"href":"https:\/\/ripack-supplies.com\/es\/wp-json\/wp\/v2\/comments?post=2414"}],"version-history":[{"count":4,"href":"https:\/\/ripack-supplies.com\/es\/wp-json\/wp\/v2\/pages\/2414\/revisions"}],"predecessor-version":[{"id":2690,"href":"https:\/\/ripack-supplies.com\/es\/wp-json\/wp\/v2\/pages\/2414\/revisions\/2690"}],"wp:attachment":[{"href":"https:\/\/ripack-supplies.com\/es\/wp-json\/wp\/v2\/media?parent=2414"}],"curies":[{"name":"wp","href":"https:\/\/api.w.org\/{rel}","templated":true}]}}