{"id":2430,"date":"2023-10-30T10:56:12","date_gmt":"2023-10-30T09:56:12","guid":{"rendered":"http:\/\/ripack-supplies.com\/confinez-vos-chantiers\/"},"modified":"2024-02-27T16:06:15","modified_gmt":"2024-02-27T15:06:15","slug":"confine-sus-obras","status":"publish","type":"page","link":"https:\/\/ripack-supplies.com\/es\/confine-sus-obras\/","title":{"rendered":"Confine sus obras"},"content":{"rendered":"","protected":false},"excerpt":{"rendered":"","protected":false},"author":1,"featured_media":0,"parent":0,"menu_order":3,"comment_status":"closed","ping_status":"closed","template":"page-applications.php","meta":{"_acf_changed":false,"footnotes":""},"class_list":["post-2430","page","type-page","status-publish","hentry"],"acf":[],"yoast_head":"<!-- This site is optimized with the Yoast SEO plugin v27.3 - https:\/\/yoast.com\/product\/yoast-seo-wordpress\/ -->\n<title>Confine sus obras | Ripack Suministros l\u00edder en productos termorretr\u00e1ctiles Confine sus obras<\/title>\n<meta name=\"description\" content=\"Descubra nuestras soluciones termorretr\u00e1ctiles Ripack Supplies para confinar y proteger sus obras y edificios.\" \/>\n<meta name=\"robots\" content=\"index, follow, max-snippet:-1, max-image-preview:large, max-video-preview:-1\" \/>\n<link rel=\"canonical\" href=\"https:\/\/ripack-supplies.com\/es\/confine-sus-obras\/\" \/>\n<meta property=\"og:locale\" content=\"es_ES\" \/>\n<meta property=\"og:type\" content=\"article\" \/>\n<meta property=\"og:title\" content=\"Confine sus obras | Ripack Suministros l\u00edder en productos termorretr\u00e1ctiles Confine sus obras\" \/>\n<meta property=\"og:description\" content=\"Descubra nuestras soluciones termorretr\u00e1ctiles Ripack Supplies para confinar y proteger sus obras y edificios.\" \/>\n<meta property=\"og:url\" content=\"https:\/\/ripack-supplies.com\/es\/confine-sus-obras\/\" \/>\n<meta property=\"og:site_name\" content=\"Ripack Suministros l\u00edder en productos termorretr\u00e1ctiles\" \/>\n<meta property=\"article:modified_time\" content=\"2024-02-27T15:06:15+00:00\" \/>\n<meta name=\"twitter:card\" content=\"summary_large_image\" \/>\n<script type=\"application\/ld+json\" class=\"yoast-schema-graph\">{\"@context\":\"https:\\\/\\\/schema.org\",\"@graph\":[{\"@type\":\"WebPage\",\"@id\":\"https:\\\/\\\/ripack-supplies.com\\\/es\\\/confine-sus-obras\\\/\",\"url\":\"https:\\\/\\\/ripack-supplies.com\\\/es\\\/confine-sus-obras\\\/\",\"name\":\"Confine sus obras | Ripack Suministros l\u00edder en productos termorretr\u00e1ctiles Confine sus obras\",\"isPartOf\":{\"@id\":\"https:\\\/\\\/ripack-supplies.com\\\/es\\\/#website\"},\"datePublished\":\"2023-10-30T09:56:12+00:00\",\"dateModified\":\"2024-02-27T15:06:15+00:00\",\"description\":\"Descubra nuestras soluciones termorretr\u00e1ctiles Ripack Supplies para confinar y proteger sus obras y edificios.\",\"breadcrumb\":{\"@id\":\"https:\\\/\\\/ripack-supplies.com\\\/es\\\/confine-sus-obras\\\/#breadcrumb\"},\"inLanguage\":\"es\",\"potentialAction\":[{\"@type\":\"ReadAction\",\"target\":[\"https:\\\/\\\/ripack-supplies.com\\\/es\\\/confine-sus-obras\\\/\"]}]},{\"@type\":\"BreadcrumbList\",\"@id\":\"https:\\\/\\\/ripack-supplies.com\\\/es\\\/confine-sus-obras\\\/#breadcrumb\",\"itemListElement\":[{\"@type\":\"ListItem\",\"position\":1,\"name\":\"Home\",\"item\":\"https:\\\/\\\/ripack-supplies.com\\\/es\\\/\"},{\"@type\":\"ListItem\",\"position\":2,\"name\":\"Confine sus obras\"}]},{\"@type\":\"WebSite\",\"@id\":\"https:\\\/\\\/ripack-supplies.com\\\/es\\\/#website\",\"url\":\"https:\\\/\\\/ripack-supplies.com\\\/es\\\/\",\"name\":\"Ripack Suministros l\u00edder en productos termorretr\u00e1ctiles\",\"description\":\"\",\"potentialAction\":[{\"@type\":\"SearchAction\",\"target\":{\"@type\":\"EntryPoint\",\"urlTemplate\":\"https:\\\/\\\/ripack-supplies.com\\\/es\\\/?s={search_term_string}\"},\"query-input\":{\"@type\":\"PropertyValueSpecification\",\"valueRequired\":true,\"valueName\":\"search_term_string\"}}],\"inLanguage\":\"es\"}]}<\/script>\n<!-- \/ Yoast SEO plugin. -->","yoast_head_json":{"title":"Confine sus obras | Ripack Suministros l\u00edder en productos termorretr\u00e1ctiles Confine sus obras","description":"Descubra nuestras soluciones termorretr\u00e1ctiles Ripack Supplies para confinar y proteger sus obras y edificios.","robots":{"index":"index","follow":"follow","max-snippet":"max-snippet:-1","max-image-preview":"max-image-preview:large","max-video-preview":"max-video-preview:-1"},"canonical":"https:\/\/ripack-supplies.com\/es\/confine-sus-obras\/","og_locale":"es_ES","og_type":"article","og_title":"Confine sus obras | Ripack Suministros l\u00edder en productos termorretr\u00e1ctiles Confine sus obras","og_description":"Descubra nuestras soluciones termorretr\u00e1ctiles Ripack Supplies para confinar y proteger sus obras y edificios.","og_url":"https:\/\/ripack-supplies.com\/es\/confine-sus-obras\/","og_site_name":"Ripack Suministros l\u00edder en productos termorretr\u00e1ctiles","article_modified_time":"2024-02-27T15:06:15+00:00","twitter_card":"summary_large_image","schema":{"@context":"https:\/\/schema.org","@graph":[{"@type":"WebPage","@id":"https:\/\/ripack-supplies.com\/es\/confine-sus-obras\/","url":"https:\/\/ripack-supplies.com\/es\/confine-sus-obras\/","name":"Confine sus obras | Ripack Suministros l\u00edder en productos termorretr\u00e1ctiles Confine sus obras","isPartOf":{"@id":"https:\/\/ripack-supplies.com\/es\/#website"},"datePublished":"2023-10-30T09:56:12+00:00","dateModified":"2024-02-27T15:06:15+00:00","description":"Descubra nuestras soluciones termorretr\u00e1ctiles Ripack Supplies para confinar y proteger sus obras y edificios.","breadcrumb":{"@id":"https:\/\/ripack-supplies.com\/es\/confine-sus-obras\/#breadcrumb"},"inLanguage":"es","potentialAction":[{"@type":"ReadAction","target":["https:\/\/ripack-supplies.com\/es\/confine-sus-obras\/"]}]},{"@type":"BreadcrumbList","@id":"https:\/\/ripack-supplies.com\/es\/confine-sus-obras\/#breadcrumb","itemListElement":[{"@type":"ListItem","position":1,"name":"Home","item":"https:\/\/ripack-supplies.com\/es\/"},{"@type":"ListItem","position":2,"name":"Confine sus obras"}]},{"@type":"WebSite","@id":"https:\/\/ripack-supplies.com\/es\/#website","url":"https:\/\/ripack-supplies.com\/es\/","name":"Ripack Suministros l\u00edder en productos termorretr\u00e1ctiles","description":"","potentialAction":[{"@type":"SearchAction","target":{"@type":"EntryPoint","urlTemplate":"https:\/\/ripack-supplies.com\/es\/?s={search_term_string}"},"query-input":{"@type":"PropertyValueSpecification","valueRequired":true,"valueName":"search_term_string"}}],"inLanguage":"es"}]}},"_links":{"self":[{"href":"https:\/\/ripack-supplies.com\/es\/wp-json\/wp\/v2\/pages\/2430","targetHints":{"allow":["GET"]}}],"collection":[{"href":"https:\/\/ripack-supplies.com\/es\/wp-json\/wp\/v2\/pages"}],"about":[{"href":"https:\/\/ripack-supplies.com\/es\/wp-json\/wp\/v2\/types\/page"}],"author":[{"embeddable":true,"href":"https:\/\/ripack-supplies.com\/es\/wp-json\/wp\/v2\/users\/1"}],"replies":[{"embeddable":true,"href":"https:\/\/ripack-supplies.com\/es\/wp-json\/wp\/v2\/comments?post=2430"}],"version-history":[{"count":3,"href":"https:\/\/ripack-supplies.com\/es\/wp-json\/wp\/v2\/pages\/2430\/revisions"}],"predecessor-version":[{"id":2633,"href":"https:\/\/ripack-supplies.com\/es\/wp-json\/wp\/v2\/pages\/2430\/revisions\/2633"}],"wp:attachment":[{"href":"https:\/\/ripack-supplies.com\/es\/wp-json\/wp\/v2\/media?parent=2430"}],"curies":[{"name":"wp","href":"https:\/\/api.w.org\/{rel}","templated":true}]}}