{"id":2438,"date":"2023-10-30T10:55:32","date_gmt":"2023-10-30T09:55:32","guid":{"rendered":"http:\/\/ripack-supplies.com\/protection-aeronautique\/"},"modified":"2024-02-27T16:08:55","modified_gmt":"2024-02-27T15:08:55","slug":"proteccion-aeronautica","status":"publish","type":"page","link":"https:\/\/ripack-supplies.com\/es\/proteccion-aeronautica\/","title":{"rendered":"Protecci\u00f3n aeron\u00e1utica"},"content":{"rendered":"","protected":false},"excerpt":{"rendered":"","protected":false},"author":1,"featured_media":0,"parent":0,"menu_order":3,"comment_status":"closed","ping_status":"closed","template":"page-applications.php","meta":{"_acf_changed":false,"footnotes":""},"class_list":["post-2438","page","type-page","status-publish","hentry"],"acf":[],"yoast_head":"<!-- This site is optimized with the Yoast SEO plugin v27.3 - https:\/\/yoast.com\/product\/yoast-seo-wordpress\/ -->\n<title>Protecci\u00f3n aeron\u00e1utica | Ripack Suministros l\u00edder en productos termorretr\u00e1ctiles Protecci\u00f3n en el sector aeron\u00e1utico<\/title>\n<meta name=\"description\" content=\"Embale, proteja y transporte piezas aeron\u00e1uticas con nuestras soluciones de termorretracci\u00f3n Ripack Supplies.\" \/>\n<meta name=\"robots\" content=\"index, follow, max-snippet:-1, max-image-preview:large, max-video-preview:-1\" \/>\n<link rel=\"canonical\" href=\"https:\/\/ripack-supplies.com\/es\/proteccion-aeronautica\/\" \/>\n<meta property=\"og:locale\" content=\"es_ES\" \/>\n<meta property=\"og:type\" content=\"article\" \/>\n<meta property=\"og:title\" content=\"Protecci\u00f3n aeron\u00e1utica | Ripack Suministros l\u00edder en productos termorretr\u00e1ctiles Protecci\u00f3n en el sector aeron\u00e1utico\" \/>\n<meta property=\"og:description\" content=\"Embale, proteja y transporte piezas aeron\u00e1uticas con nuestras soluciones de termorretracci\u00f3n Ripack Supplies.\" \/>\n<meta property=\"og:url\" content=\"https:\/\/ripack-supplies.com\/es\/proteccion-aeronautica\/\" \/>\n<meta property=\"og:site_name\" content=\"Ripack Suministros l\u00edder en productos termorretr\u00e1ctiles\" \/>\n<meta property=\"article:modified_time\" content=\"2024-02-27T15:08:55+00:00\" \/>\n<meta name=\"twitter:card\" content=\"summary_large_image\" \/>\n<script type=\"application\/ld+json\" class=\"yoast-schema-graph\">{\"@context\":\"https:\\\/\\\/schema.org\",\"@graph\":[{\"@type\":\"WebPage\",\"@id\":\"https:\\\/\\\/ripack-supplies.com\\\/es\\\/proteccion-aeronautica\\\/\",\"url\":\"https:\\\/\\\/ripack-supplies.com\\\/es\\\/proteccion-aeronautica\\\/\",\"name\":\"Protecci\u00f3n aeron\u00e1utica | Ripack Suministros l\u00edder en productos termorretr\u00e1ctiles Protecci\u00f3n en el sector aeron\u00e1utico\",\"isPartOf\":{\"@id\":\"https:\\\/\\\/ripack-supplies.com\\\/es\\\/#website\"},\"datePublished\":\"2023-10-30T09:55:32+00:00\",\"dateModified\":\"2024-02-27T15:08:55+00:00\",\"description\":\"Embale, proteja y transporte piezas aeron\u00e1uticas con nuestras soluciones de termorretracci\u00f3n Ripack Supplies.\",\"breadcrumb\":{\"@id\":\"https:\\\/\\\/ripack-supplies.com\\\/es\\\/proteccion-aeronautica\\\/#breadcrumb\"},\"inLanguage\":\"es\",\"potentialAction\":[{\"@type\":\"ReadAction\",\"target\":[\"https:\\\/\\\/ripack-supplies.com\\\/es\\\/proteccion-aeronautica\\\/\"]}]},{\"@type\":\"BreadcrumbList\",\"@id\":\"https:\\\/\\\/ripack-supplies.com\\\/es\\\/proteccion-aeronautica\\\/#breadcrumb\",\"itemListElement\":[{\"@type\":\"ListItem\",\"position\":1,\"name\":\"Home\",\"item\":\"https:\\\/\\\/ripack-supplies.com\\\/es\\\/\"},{\"@type\":\"ListItem\",\"position\":2,\"name\":\"Protecci\u00f3n aeron\u00e1utica\"}]},{\"@type\":\"WebSite\",\"@id\":\"https:\\\/\\\/ripack-supplies.com\\\/es\\\/#website\",\"url\":\"https:\\\/\\\/ripack-supplies.com\\\/es\\\/\",\"name\":\"Ripack Suministros l\u00edder en productos termorretr\u00e1ctiles\",\"description\":\"\",\"potentialAction\":[{\"@type\":\"SearchAction\",\"target\":{\"@type\":\"EntryPoint\",\"urlTemplate\":\"https:\\\/\\\/ripack-supplies.com\\\/es\\\/?s={search_term_string}\"},\"query-input\":{\"@type\":\"PropertyValueSpecification\",\"valueRequired\":true,\"valueName\":\"search_term_string\"}}],\"inLanguage\":\"es\"}]}<\/script>\n<!-- \/ Yoast SEO plugin. -->","yoast_head_json":{"title":"Protecci\u00f3n aeron\u00e1utica | Ripack Suministros l\u00edder en productos termorretr\u00e1ctiles Protecci\u00f3n en el sector aeron\u00e1utico","description":"Embale, proteja y transporte piezas aeron\u00e1uticas con nuestras soluciones de termorretracci\u00f3n Ripack Supplies.","robots":{"index":"index","follow":"follow","max-snippet":"max-snippet:-1","max-image-preview":"max-image-preview:large","max-video-preview":"max-video-preview:-1"},"canonical":"https:\/\/ripack-supplies.com\/es\/proteccion-aeronautica\/","og_locale":"es_ES","og_type":"article","og_title":"Protecci\u00f3n aeron\u00e1utica | Ripack Suministros l\u00edder en productos termorretr\u00e1ctiles Protecci\u00f3n en el sector aeron\u00e1utico","og_description":"Embale, proteja y transporte piezas aeron\u00e1uticas con nuestras soluciones de termorretracci\u00f3n Ripack Supplies.","og_url":"https:\/\/ripack-supplies.com\/es\/proteccion-aeronautica\/","og_site_name":"Ripack Suministros l\u00edder en productos termorretr\u00e1ctiles","article_modified_time":"2024-02-27T15:08:55+00:00","twitter_card":"summary_large_image","schema":{"@context":"https:\/\/schema.org","@graph":[{"@type":"WebPage","@id":"https:\/\/ripack-supplies.com\/es\/proteccion-aeronautica\/","url":"https:\/\/ripack-supplies.com\/es\/proteccion-aeronautica\/","name":"Protecci\u00f3n aeron\u00e1utica | Ripack Suministros l\u00edder en productos termorretr\u00e1ctiles Protecci\u00f3n en el sector aeron\u00e1utico","isPartOf":{"@id":"https:\/\/ripack-supplies.com\/es\/#website"},"datePublished":"2023-10-30T09:55:32+00:00","dateModified":"2024-02-27T15:08:55+00:00","description":"Embale, proteja y transporte piezas aeron\u00e1uticas con nuestras soluciones de termorretracci\u00f3n Ripack Supplies.","breadcrumb":{"@id":"https:\/\/ripack-supplies.com\/es\/proteccion-aeronautica\/#breadcrumb"},"inLanguage":"es","potentialAction":[{"@type":"ReadAction","target":["https:\/\/ripack-supplies.com\/es\/proteccion-aeronautica\/"]}]},{"@type":"BreadcrumbList","@id":"https:\/\/ripack-supplies.com\/es\/proteccion-aeronautica\/#breadcrumb","itemListElement":[{"@type":"ListItem","position":1,"name":"Home","item":"https:\/\/ripack-supplies.com\/es\/"},{"@type":"ListItem","position":2,"name":"Protecci\u00f3n aeron\u00e1utica"}]},{"@type":"WebSite","@id":"https:\/\/ripack-supplies.com\/es\/#website","url":"https:\/\/ripack-supplies.com\/es\/","name":"Ripack Suministros l\u00edder en productos termorretr\u00e1ctiles","description":"","potentialAction":[{"@type":"SearchAction","target":{"@type":"EntryPoint","urlTemplate":"https:\/\/ripack-supplies.com\/es\/?s={search_term_string}"},"query-input":{"@type":"PropertyValueSpecification","valueRequired":true,"valueName":"search_term_string"}}],"inLanguage":"es"}]}},"_links":{"self":[{"href":"https:\/\/ripack-supplies.com\/es\/wp-json\/wp\/v2\/pages\/2438","targetHints":{"allow":["GET"]}}],"collection":[{"href":"https:\/\/ripack-supplies.com\/es\/wp-json\/wp\/v2\/pages"}],"about":[{"href":"https:\/\/ripack-supplies.com\/es\/wp-json\/wp\/v2\/types\/page"}],"author":[{"embeddable":true,"href":"https:\/\/ripack-supplies.com\/es\/wp-json\/wp\/v2\/users\/1"}],"replies":[{"embeddable":true,"href":"https:\/\/ripack-supplies.com\/es\/wp-json\/wp\/v2\/comments?post=2438"}],"version-history":[{"count":2,"href":"https:\/\/ripack-supplies.com\/es\/wp-json\/wp\/v2\/pages\/2438\/revisions"}],"predecessor-version":[{"id":2444,"href":"https:\/\/ripack-supplies.com\/es\/wp-json\/wp\/v2\/pages\/2438\/revisions\/2444"}],"wp:attachment":[{"href":"https:\/\/ripack-supplies.com\/es\/wp-json\/wp\/v2\/media?parent=2438"}],"curies":[{"name":"wp","href":"https:\/\/api.w.org\/{rel}","templated":true}]}}