{"id":2446,"date":"2023-10-30T10:56:41","date_gmt":"2023-10-30T09:56:41","guid":{"rendered":"http:\/\/ripack-supplies.com\/stockez-et-transportez-votre-bateau\/"},"modified":"2024-02-27T16:05:40","modified_gmt":"2024-02-27T15:05:40","slug":"almacene-y-transporte-su-embarcacion","status":"publish","type":"page","link":"https:\/\/ripack-supplies.com\/es\/almacene-y-transporte-su-embarcacion\/","title":{"rendered":"Almacene y transporte su embarcaci\u00f3n"},"content":{"rendered":"","protected":false},"excerpt":{"rendered":"","protected":false},"author":1,"featured_media":0,"parent":0,"menu_order":3,"comment_status":"closed","ping_status":"closed","template":"page-applications.php","meta":{"_acf_changed":false,"footnotes":""},"class_list":["post-2446","page","type-page","status-publish","hentry"],"acf":[],"yoast_head":"<!-- This site is optimized with the Yoast SEO plugin v27.3 - https:\/\/yoast.com\/product\/yoast-seo-wordpress\/ -->\n<title>Almacene y transporte su embarcaci\u00f3n | Ripack Suministros l\u00edder en productos termorretr\u00e1ctiles Almacenar e invernar su embarcaci\u00f3n<\/title>\n<meta name=\"description\" content=\"Protecci\u00f3n invernal para embarcaciones, almacene y transporte su embarcaci\u00f3n f\u00e1cilmente con nuestra gama de productos termorretr\u00e1ctiles Ripack Supplies\" \/>\n<meta name=\"robots\" content=\"index, follow, max-snippet:-1, max-image-preview:large, max-video-preview:-1\" \/>\n<link rel=\"canonical\" href=\"https:\/\/ripack-supplies.com\/es\/almacene-y-transporte-su-embarcacion\/\" \/>\n<meta property=\"og:locale\" content=\"es_ES\" \/>\n<meta property=\"og:type\" content=\"article\" \/>\n<meta property=\"og:title\" content=\"Almacene y transporte su embarcaci\u00f3n | Ripack Suministros l\u00edder en productos termorretr\u00e1ctiles Almacenar e invernar su embarcaci\u00f3n\" \/>\n<meta property=\"og:description\" content=\"Protecci\u00f3n invernal para embarcaciones, almacene y transporte su embarcaci\u00f3n f\u00e1cilmente con nuestra gama de productos termorretr\u00e1ctiles Ripack Supplies\" \/>\n<meta property=\"og:url\" content=\"https:\/\/ripack-supplies.com\/es\/almacene-y-transporte-su-embarcacion\/\" \/>\n<meta property=\"og:site_name\" content=\"Ripack Suministros l\u00edder en productos termorretr\u00e1ctiles\" \/>\n<meta property=\"article:modified_time\" content=\"2024-02-27T15:05:40+00:00\" \/>\n<meta name=\"twitter:card\" content=\"summary_large_image\" \/>\n<script type=\"application\/ld+json\" class=\"yoast-schema-graph\">{\"@context\":\"https:\\\/\\\/schema.org\",\"@graph\":[{\"@type\":\"WebPage\",\"@id\":\"https:\\\/\\\/ripack-supplies.com\\\/es\\\/almacene-y-transporte-su-embarcacion\\\/\",\"url\":\"https:\\\/\\\/ripack-supplies.com\\\/es\\\/almacene-y-transporte-su-embarcacion\\\/\",\"name\":\"Almacene y transporte su embarcaci\u00f3n | Ripack Suministros l\u00edder en productos termorretr\u00e1ctiles Almacenar e invernar su embarcaci\u00f3n\",\"isPartOf\":{\"@id\":\"https:\\\/\\\/ripack-supplies.com\\\/es\\\/#website\"},\"datePublished\":\"2023-10-30T09:56:41+00:00\",\"dateModified\":\"2024-02-27T15:05:40+00:00\",\"description\":\"Protecci\u00f3n invernal para embarcaciones, almacene y transporte su embarcaci\u00f3n f\u00e1cilmente con nuestra gama de productos termorretr\u00e1ctiles Ripack Supplies\",\"breadcrumb\":{\"@id\":\"https:\\\/\\\/ripack-supplies.com\\\/es\\\/almacene-y-transporte-su-embarcacion\\\/#breadcrumb\"},\"inLanguage\":\"es\",\"potentialAction\":[{\"@type\":\"ReadAction\",\"target\":[\"https:\\\/\\\/ripack-supplies.com\\\/es\\\/almacene-y-transporte-su-embarcacion\\\/\"]}]},{\"@type\":\"BreadcrumbList\",\"@id\":\"https:\\\/\\\/ripack-supplies.com\\\/es\\\/almacene-y-transporte-su-embarcacion\\\/#breadcrumb\",\"itemListElement\":[{\"@type\":\"ListItem\",\"position\":1,\"name\":\"Home\",\"item\":\"https:\\\/\\\/ripack-supplies.com\\\/es\\\/\"},{\"@type\":\"ListItem\",\"position\":2,\"name\":\"Almacene y transporte su embarcaci\u00f3n\"}]},{\"@type\":\"WebSite\",\"@id\":\"https:\\\/\\\/ripack-supplies.com\\\/es\\\/#website\",\"url\":\"https:\\\/\\\/ripack-supplies.com\\\/es\\\/\",\"name\":\"Ripack Suministros l\u00edder en productos termorretr\u00e1ctiles\",\"description\":\"\",\"potentialAction\":[{\"@type\":\"SearchAction\",\"target\":{\"@type\":\"EntryPoint\",\"urlTemplate\":\"https:\\\/\\\/ripack-supplies.com\\\/es\\\/?s={search_term_string}\"},\"query-input\":{\"@type\":\"PropertyValueSpecification\",\"valueRequired\":true,\"valueName\":\"search_term_string\"}}],\"inLanguage\":\"es\"}]}<\/script>\n<!-- \/ Yoast SEO plugin. -->","yoast_head_json":{"title":"Almacene y transporte su embarcaci\u00f3n | Ripack Suministros l\u00edder en productos termorretr\u00e1ctiles Almacenar e invernar su embarcaci\u00f3n","description":"Protecci\u00f3n invernal para embarcaciones, almacene y transporte su embarcaci\u00f3n f\u00e1cilmente con nuestra gama de productos termorretr\u00e1ctiles Ripack Supplies","robots":{"index":"index","follow":"follow","max-snippet":"max-snippet:-1","max-image-preview":"max-image-preview:large","max-video-preview":"max-video-preview:-1"},"canonical":"https:\/\/ripack-supplies.com\/es\/almacene-y-transporte-su-embarcacion\/","og_locale":"es_ES","og_type":"article","og_title":"Almacene y transporte su embarcaci\u00f3n | Ripack Suministros l\u00edder en productos termorretr\u00e1ctiles Almacenar e invernar su embarcaci\u00f3n","og_description":"Protecci\u00f3n invernal para embarcaciones, almacene y transporte su embarcaci\u00f3n f\u00e1cilmente con nuestra gama de productos termorretr\u00e1ctiles Ripack Supplies","og_url":"https:\/\/ripack-supplies.com\/es\/almacene-y-transporte-su-embarcacion\/","og_site_name":"Ripack Suministros l\u00edder en productos termorretr\u00e1ctiles","article_modified_time":"2024-02-27T15:05:40+00:00","twitter_card":"summary_large_image","schema":{"@context":"https:\/\/schema.org","@graph":[{"@type":"WebPage","@id":"https:\/\/ripack-supplies.com\/es\/almacene-y-transporte-su-embarcacion\/","url":"https:\/\/ripack-supplies.com\/es\/almacene-y-transporte-su-embarcacion\/","name":"Almacene y transporte su embarcaci\u00f3n | Ripack Suministros l\u00edder en productos termorretr\u00e1ctiles Almacenar e invernar su embarcaci\u00f3n","isPartOf":{"@id":"https:\/\/ripack-supplies.com\/es\/#website"},"datePublished":"2023-10-30T09:56:41+00:00","dateModified":"2024-02-27T15:05:40+00:00","description":"Protecci\u00f3n invernal para embarcaciones, almacene y transporte su embarcaci\u00f3n f\u00e1cilmente con nuestra gama de productos termorretr\u00e1ctiles Ripack Supplies","breadcrumb":{"@id":"https:\/\/ripack-supplies.com\/es\/almacene-y-transporte-su-embarcacion\/#breadcrumb"},"inLanguage":"es","potentialAction":[{"@type":"ReadAction","target":["https:\/\/ripack-supplies.com\/es\/almacene-y-transporte-su-embarcacion\/"]}]},{"@type":"BreadcrumbList","@id":"https:\/\/ripack-supplies.com\/es\/almacene-y-transporte-su-embarcacion\/#breadcrumb","itemListElement":[{"@type":"ListItem","position":1,"name":"Home","item":"https:\/\/ripack-supplies.com\/es\/"},{"@type":"ListItem","position":2,"name":"Almacene y transporte su embarcaci\u00f3n"}]},{"@type":"WebSite","@id":"https:\/\/ripack-supplies.com\/es\/#website","url":"https:\/\/ripack-supplies.com\/es\/","name":"Ripack Suministros l\u00edder en productos termorretr\u00e1ctiles","description":"","potentialAction":[{"@type":"SearchAction","target":{"@type":"EntryPoint","urlTemplate":"https:\/\/ripack-supplies.com\/es\/?s={search_term_string}"},"query-input":{"@type":"PropertyValueSpecification","valueRequired":true,"valueName":"search_term_string"}}],"inLanguage":"es"}]}},"_links":{"self":[{"href":"https:\/\/ripack-supplies.com\/es\/wp-json\/wp\/v2\/pages\/2446","targetHints":{"allow":["GET"]}}],"collection":[{"href":"https:\/\/ripack-supplies.com\/es\/wp-json\/wp\/v2\/pages"}],"about":[{"href":"https:\/\/ripack-supplies.com\/es\/wp-json\/wp\/v2\/types\/page"}],"author":[{"embeddable":true,"href":"https:\/\/ripack-supplies.com\/es\/wp-json\/wp\/v2\/users\/1"}],"replies":[{"embeddable":true,"href":"https:\/\/ripack-supplies.com\/es\/wp-json\/wp\/v2\/comments?post=2446"}],"version-history":[{"count":3,"href":"https:\/\/ripack-supplies.com\/es\/wp-json\/wp\/v2\/pages\/2446\/revisions"}],"predecessor-version":[{"id":2632,"href":"https:\/\/ripack-supplies.com\/es\/wp-json\/wp\/v2\/pages\/2446\/revisions\/2632"}],"wp:attachment":[{"href":"https:\/\/ripack-supplies.com\/es\/wp-json\/wp\/v2\/media?parent=2446"}],"curies":[{"name":"wp","href":"https:\/\/api.w.org\/{rel}","templated":true}]}}