{"id":2454,"date":"2023-10-30T11:08:21","date_gmt":"2023-10-30T10:08:21","guid":{"rendered":"http:\/\/ripack-supplies.com\/la-societe\/"},"modified":"2024-03-06T15:17:44","modified_gmt":"2024-03-06T14:17:44","slug":"la-sociedad","status":"publish","type":"page","link":"https:\/\/ripack-supplies.com\/es\/la-sociedad\/","title":{"rendered":"La sociedad"},"content":{"rendered":"","protected":false},"excerpt":{"rendered":"","protected":false},"author":1,"featured_media":0,"parent":0,"menu_order":4,"comment_status":"closed","ping_status":"closed","template":"page-societe.php","meta":{"_acf_changed":false,"footnotes":""},"class_list":["post-2454","page","type-page","status-publish","hentry"],"acf":[],"yoast_head":"<!-- This site is optimized with the Yoast SEO plugin v27.4 - https:\/\/yoast.com\/product\/yoast-seo-wordpress\/ -->\n<title>La sociedad | Ripack Suministros l\u00edder en productos termorretr\u00e1ctiles \u00bfQui\u00e9n es Ripack Supplies?<\/title>\n<meta name=\"description\" content=\"Ripack Supplies, uno de los l\u00edderes del mercado de films termorretr\u00e1ctiles gracias a la calidad de sus films y a su amplia gama de productos.\" \/>\n<meta name=\"robots\" content=\"index, follow, max-snippet:-1, max-image-preview:large, max-video-preview:-1\" \/>\n<link rel=\"canonical\" href=\"https:\/\/ripack-supplies.com\/es\/la-sociedad\/\" \/>\n<meta property=\"og:locale\" content=\"es_ES\" \/>\n<meta property=\"og:type\" content=\"article\" \/>\n<meta property=\"og:title\" content=\"La sociedad | Ripack Suministros l\u00edder en productos termorretr\u00e1ctiles \u00bfQui\u00e9n es Ripack Supplies?\" \/>\n<meta property=\"og:description\" content=\"Ripack Supplies, uno de los l\u00edderes del mercado de films termorretr\u00e1ctiles gracias a la calidad de sus films y a su amplia gama de productos.\" \/>\n<meta property=\"og:url\" content=\"https:\/\/ripack-supplies.com\/es\/la-sociedad\/\" \/>\n<meta property=\"og:site_name\" content=\"Ripack Suministros l\u00edder en productos termorretr\u00e1ctiles\" \/>\n<meta property=\"article:modified_time\" content=\"2024-03-06T14:17:44+00:00\" \/>\n<meta name=\"twitter:card\" content=\"summary_large_image\" \/>\n<script type=\"application\/ld+json\" class=\"yoast-schema-graph\">{\"@context\":\"https:\\\/\\\/schema.org\",\"@graph\":[{\"@type\":\"WebPage\",\"@id\":\"https:\\\/\\\/ripack-supplies.com\\\/es\\\/la-sociedad\\\/\",\"url\":\"https:\\\/\\\/ripack-supplies.com\\\/es\\\/la-sociedad\\\/\",\"name\":\"La sociedad | Ripack Suministros l\u00edder en productos termorretr\u00e1ctiles \u00bfQui\u00e9n es Ripack Supplies?\",\"isPartOf\":{\"@id\":\"https:\\\/\\\/ripack-supplies.com\\\/es\\\/#website\"},\"datePublished\":\"2023-10-30T10:08:21+00:00\",\"dateModified\":\"2024-03-06T14:17:44+00:00\",\"description\":\"Ripack Supplies, uno de los l\u00edderes del mercado de films termorretr\u00e1ctiles gracias a la calidad de sus films y a su amplia gama de productos.\",\"breadcrumb\":{\"@id\":\"https:\\\/\\\/ripack-supplies.com\\\/es\\\/la-sociedad\\\/#breadcrumb\"},\"inLanguage\":\"es\",\"potentialAction\":[{\"@type\":\"ReadAction\",\"target\":[\"https:\\\/\\\/ripack-supplies.com\\\/es\\\/la-sociedad\\\/\"]}]},{\"@type\":\"BreadcrumbList\",\"@id\":\"https:\\\/\\\/ripack-supplies.com\\\/es\\\/la-sociedad\\\/#breadcrumb\",\"itemListElement\":[{\"@type\":\"ListItem\",\"position\":1,\"name\":\"Home\",\"item\":\"https:\\\/\\\/ripack-supplies.com\\\/es\\\/\"},{\"@type\":\"ListItem\",\"position\":2,\"name\":\"La sociedad\"}]},{\"@type\":\"WebSite\",\"@id\":\"https:\\\/\\\/ripack-supplies.com\\\/es\\\/#website\",\"url\":\"https:\\\/\\\/ripack-supplies.com\\\/es\\\/\",\"name\":\"Ripack Suministros l\u00edder en productos termorretr\u00e1ctiles\",\"description\":\"\",\"potentialAction\":[{\"@type\":\"SearchAction\",\"target\":{\"@type\":\"EntryPoint\",\"urlTemplate\":\"https:\\\/\\\/ripack-supplies.com\\\/es\\\/?s={search_term_string}\"},\"query-input\":{\"@type\":\"PropertyValueSpecification\",\"valueRequired\":true,\"valueName\":\"search_term_string\"}}],\"inLanguage\":\"es\"}]}<\/script>\n<!-- \/ Yoast SEO plugin. -->","yoast_head_json":{"title":"La sociedad | Ripack Suministros l\u00edder en productos termorretr\u00e1ctiles \u00bfQui\u00e9n es Ripack Supplies?","description":"Ripack Supplies, uno de los l\u00edderes del mercado de films termorretr\u00e1ctiles gracias a la calidad de sus films y a su amplia gama de productos.","robots":{"index":"index","follow":"follow","max-snippet":"max-snippet:-1","max-image-preview":"max-image-preview:large","max-video-preview":"max-video-preview:-1"},"canonical":"https:\/\/ripack-supplies.com\/es\/la-sociedad\/","og_locale":"es_ES","og_type":"article","og_title":"La sociedad | Ripack Suministros l\u00edder en productos termorretr\u00e1ctiles \u00bfQui\u00e9n es Ripack Supplies?","og_description":"Ripack Supplies, uno de los l\u00edderes del mercado de films termorretr\u00e1ctiles gracias a la calidad de sus films y a su amplia gama de productos.","og_url":"https:\/\/ripack-supplies.com\/es\/la-sociedad\/","og_site_name":"Ripack Suministros l\u00edder en productos termorretr\u00e1ctiles","article_modified_time":"2024-03-06T14:17:44+00:00","twitter_card":"summary_large_image","schema":{"@context":"https:\/\/schema.org","@graph":[{"@type":"WebPage","@id":"https:\/\/ripack-supplies.com\/es\/la-sociedad\/","url":"https:\/\/ripack-supplies.com\/es\/la-sociedad\/","name":"La sociedad | Ripack Suministros l\u00edder en productos termorretr\u00e1ctiles \u00bfQui\u00e9n es Ripack Supplies?","isPartOf":{"@id":"https:\/\/ripack-supplies.com\/es\/#website"},"datePublished":"2023-10-30T10:08:21+00:00","dateModified":"2024-03-06T14:17:44+00:00","description":"Ripack Supplies, uno de los l\u00edderes del mercado de films termorretr\u00e1ctiles gracias a la calidad de sus films y a su amplia gama de productos.","breadcrumb":{"@id":"https:\/\/ripack-supplies.com\/es\/la-sociedad\/#breadcrumb"},"inLanguage":"es","potentialAction":[{"@type":"ReadAction","target":["https:\/\/ripack-supplies.com\/es\/la-sociedad\/"]}]},{"@type":"BreadcrumbList","@id":"https:\/\/ripack-supplies.com\/es\/la-sociedad\/#breadcrumb","itemListElement":[{"@type":"ListItem","position":1,"name":"Home","item":"https:\/\/ripack-supplies.com\/es\/"},{"@type":"ListItem","position":2,"name":"La sociedad"}]},{"@type":"WebSite","@id":"https:\/\/ripack-supplies.com\/es\/#website","url":"https:\/\/ripack-supplies.com\/es\/","name":"Ripack Suministros l\u00edder en productos termorretr\u00e1ctiles","description":"","potentialAction":[{"@type":"SearchAction","target":{"@type":"EntryPoint","urlTemplate":"https:\/\/ripack-supplies.com\/es\/?s={search_term_string}"},"query-input":{"@type":"PropertyValueSpecification","valueRequired":true,"valueName":"search_term_string"}}],"inLanguage":"es"}]}},"_links":{"self":[{"href":"https:\/\/ripack-supplies.com\/es\/wp-json\/wp\/v2\/pages\/2454","targetHints":{"allow":["GET"]}}],"collection":[{"href":"https:\/\/ripack-supplies.com\/es\/wp-json\/wp\/v2\/pages"}],"about":[{"href":"https:\/\/ripack-supplies.com\/es\/wp-json\/wp\/v2\/types\/page"}],"author":[{"embeddable":true,"href":"https:\/\/ripack-supplies.com\/es\/wp-json\/wp\/v2\/users\/1"}],"replies":[{"embeddable":true,"href":"https:\/\/ripack-supplies.com\/es\/wp-json\/wp\/v2\/comments?post=2454"}],"version-history":[{"count":7,"href":"https:\/\/ripack-supplies.com\/es\/wp-json\/wp\/v2\/pages\/2454\/revisions"}],"predecessor-version":[{"id":2978,"href":"https:\/\/ripack-supplies.com\/es\/wp-json\/wp\/v2\/pages\/2454\/revisions\/2978"}],"wp:attachment":[{"href":"https:\/\/ripack-supplies.com\/es\/wp-json\/wp\/v2\/media?parent=2454"}],"curies":[{"name":"wp","href":"https:\/\/api.w.org\/{rel}","templated":true}]}}