{"id":2484,"date":"2023-10-30T11:00:41","date_gmt":"2023-10-30T10:00:41","guid":{"rendered":"http:\/\/ripack-supplies.com\/faq\/"},"modified":"2024-02-27T16:13:21","modified_gmt":"2024-02-27T15:13:21","slug":"preguntas-frecuentes","status":"publish","type":"page","link":"https:\/\/ripack-supplies.com\/es\/preguntas-frecuentes\/","title":{"rendered":"Preguntas frecuentes"},"content":{"rendered":"","protected":false},"excerpt":{"rendered":"","protected":false},"author":1,"featured_media":0,"parent":0,"menu_order":9,"comment_status":"closed","ping_status":"closed","template":"page-faq.php","meta":{"_acf_changed":false,"footnotes":""},"class_list":["post-2484","page","type-page","status-publish","hentry"],"acf":[],"yoast_head":"<!-- This site is optimized with the Yoast SEO plugin v27.4 - https:\/\/yoast.com\/product\/yoast-seo-wordpress\/ -->\n<title>Preguntas frecuentes | Ripack Suministros l\u00edder en productos termorretr\u00e1ctiles FAQ Ripack Supplies<\/title>\n<meta name=\"description\" content=\"Encuentre todas las respuestas a las preguntas m\u00e1s frecuentes sobre las soluciones de protecci\u00f3n termorretr\u00e1ctiles de Ripack Supplies.\" \/>\n<meta name=\"robots\" content=\"index, follow, max-snippet:-1, max-image-preview:large, max-video-preview:-1\" \/>\n<link rel=\"canonical\" href=\"https:\/\/ripack-supplies.com\/es\/preguntas-frecuentes\/\" \/>\n<meta property=\"og:locale\" content=\"es_ES\" \/>\n<meta property=\"og:type\" content=\"article\" \/>\n<meta property=\"og:title\" content=\"Preguntas frecuentes | Ripack Suministros l\u00edder en productos termorretr\u00e1ctiles FAQ Ripack Supplies\" \/>\n<meta property=\"og:description\" content=\"Encuentre todas las respuestas a las preguntas m\u00e1s frecuentes sobre las soluciones de protecci\u00f3n termorretr\u00e1ctiles de Ripack Supplies.\" \/>\n<meta property=\"og:url\" content=\"https:\/\/ripack-supplies.com\/es\/preguntas-frecuentes\/\" \/>\n<meta property=\"og:site_name\" content=\"Ripack Suministros l\u00edder en productos termorretr\u00e1ctiles\" \/>\n<meta property=\"article:modified_time\" content=\"2024-02-27T15:13:21+00:00\" \/>\n<meta name=\"twitter:card\" content=\"summary_large_image\" \/>\n<script type=\"application\/ld+json\" class=\"yoast-schema-graph\">{\"@context\":\"https:\\\/\\\/schema.org\",\"@graph\":[{\"@type\":\"WebPage\",\"@id\":\"https:\\\/\\\/ripack-supplies.com\\\/es\\\/preguntas-frecuentes\\\/\",\"url\":\"https:\\\/\\\/ripack-supplies.com\\\/es\\\/preguntas-frecuentes\\\/\",\"name\":\"Preguntas frecuentes | Ripack Suministros l\u00edder en productos termorretr\u00e1ctiles FAQ Ripack Supplies\",\"isPartOf\":{\"@id\":\"https:\\\/\\\/ripack-supplies.com\\\/es\\\/#website\"},\"datePublished\":\"2023-10-30T10:00:41+00:00\",\"dateModified\":\"2024-02-27T15:13:21+00:00\",\"description\":\"Encuentre todas las respuestas a las preguntas m\u00e1s frecuentes sobre las soluciones de protecci\u00f3n termorretr\u00e1ctiles de Ripack Supplies.\",\"breadcrumb\":{\"@id\":\"https:\\\/\\\/ripack-supplies.com\\\/es\\\/preguntas-frecuentes\\\/#breadcrumb\"},\"inLanguage\":\"es\",\"potentialAction\":[{\"@type\":\"ReadAction\",\"target\":[\"https:\\\/\\\/ripack-supplies.com\\\/es\\\/preguntas-frecuentes\\\/\"]}]},{\"@type\":\"BreadcrumbList\",\"@id\":\"https:\\\/\\\/ripack-supplies.com\\\/es\\\/preguntas-frecuentes\\\/#breadcrumb\",\"itemListElement\":[{\"@type\":\"ListItem\",\"position\":1,\"name\":\"Home\",\"item\":\"https:\\\/\\\/ripack-supplies.com\\\/es\\\/\"},{\"@type\":\"ListItem\",\"position\":2,\"name\":\"Preguntas frecuentes\"}]},{\"@type\":\"WebSite\",\"@id\":\"https:\\\/\\\/ripack-supplies.com\\\/es\\\/#website\",\"url\":\"https:\\\/\\\/ripack-supplies.com\\\/es\\\/\",\"name\":\"Ripack Suministros l\u00edder en productos termorretr\u00e1ctiles\",\"description\":\"\",\"potentialAction\":[{\"@type\":\"SearchAction\",\"target\":{\"@type\":\"EntryPoint\",\"urlTemplate\":\"https:\\\/\\\/ripack-supplies.com\\\/es\\\/?s={search_term_string}\"},\"query-input\":{\"@type\":\"PropertyValueSpecification\",\"valueRequired\":true,\"valueName\":\"search_term_string\"}}],\"inLanguage\":\"es\"}]}<\/script>\n<!-- \/ Yoast SEO plugin. -->","yoast_head_json":{"title":"Preguntas frecuentes | Ripack Suministros l\u00edder en productos termorretr\u00e1ctiles FAQ Ripack Supplies","description":"Encuentre todas las respuestas a las preguntas m\u00e1s frecuentes sobre las soluciones de protecci\u00f3n termorretr\u00e1ctiles de Ripack Supplies.","robots":{"index":"index","follow":"follow","max-snippet":"max-snippet:-1","max-image-preview":"max-image-preview:large","max-video-preview":"max-video-preview:-1"},"canonical":"https:\/\/ripack-supplies.com\/es\/preguntas-frecuentes\/","og_locale":"es_ES","og_type":"article","og_title":"Preguntas frecuentes | Ripack Suministros l\u00edder en productos termorretr\u00e1ctiles FAQ Ripack Supplies","og_description":"Encuentre todas las respuestas a las preguntas m\u00e1s frecuentes sobre las soluciones de protecci\u00f3n termorretr\u00e1ctiles de Ripack Supplies.","og_url":"https:\/\/ripack-supplies.com\/es\/preguntas-frecuentes\/","og_site_name":"Ripack Suministros l\u00edder en productos termorretr\u00e1ctiles","article_modified_time":"2024-02-27T15:13:21+00:00","twitter_card":"summary_large_image","schema":{"@context":"https:\/\/schema.org","@graph":[{"@type":"WebPage","@id":"https:\/\/ripack-supplies.com\/es\/preguntas-frecuentes\/","url":"https:\/\/ripack-supplies.com\/es\/preguntas-frecuentes\/","name":"Preguntas frecuentes | Ripack Suministros l\u00edder en productos termorretr\u00e1ctiles FAQ Ripack Supplies","isPartOf":{"@id":"https:\/\/ripack-supplies.com\/es\/#website"},"datePublished":"2023-10-30T10:00:41+00:00","dateModified":"2024-02-27T15:13:21+00:00","description":"Encuentre todas las respuestas a las preguntas m\u00e1s frecuentes sobre las soluciones de protecci\u00f3n termorretr\u00e1ctiles de Ripack Supplies.","breadcrumb":{"@id":"https:\/\/ripack-supplies.com\/es\/preguntas-frecuentes\/#breadcrumb"},"inLanguage":"es","potentialAction":[{"@type":"ReadAction","target":["https:\/\/ripack-supplies.com\/es\/preguntas-frecuentes\/"]}]},{"@type":"BreadcrumbList","@id":"https:\/\/ripack-supplies.com\/es\/preguntas-frecuentes\/#breadcrumb","itemListElement":[{"@type":"ListItem","position":1,"name":"Home","item":"https:\/\/ripack-supplies.com\/es\/"},{"@type":"ListItem","position":2,"name":"Preguntas frecuentes"}]},{"@type":"WebSite","@id":"https:\/\/ripack-supplies.com\/es\/#website","url":"https:\/\/ripack-supplies.com\/es\/","name":"Ripack Suministros l\u00edder en productos termorretr\u00e1ctiles","description":"","potentialAction":[{"@type":"SearchAction","target":{"@type":"EntryPoint","urlTemplate":"https:\/\/ripack-supplies.com\/es\/?s={search_term_string}"},"query-input":{"@type":"PropertyValueSpecification","valueRequired":true,"valueName":"search_term_string"}}],"inLanguage":"es"}]}},"_links":{"self":[{"href":"https:\/\/ripack-supplies.com\/es\/wp-json\/wp\/v2\/pages\/2484","targetHints":{"allow":["GET"]}}],"collection":[{"href":"https:\/\/ripack-supplies.com\/es\/wp-json\/wp\/v2\/pages"}],"about":[{"href":"https:\/\/ripack-supplies.com\/es\/wp-json\/wp\/v2\/types\/page"}],"author":[{"embeddable":true,"href":"https:\/\/ripack-supplies.com\/es\/wp-json\/wp\/v2\/users\/1"}],"replies":[{"embeddable":true,"href":"https:\/\/ripack-supplies.com\/es\/wp-json\/wp\/v2\/comments?post=2484"}],"version-history":[{"count":3,"href":"https:\/\/ripack-supplies.com\/es\/wp-json\/wp\/v2\/pages\/2484\/revisions"}],"predecessor-version":[{"id":2626,"href":"https:\/\/ripack-supplies.com\/es\/wp-json\/wp\/v2\/pages\/2484\/revisions\/2626"}],"wp:attachment":[{"href":"https:\/\/ripack-supplies.com\/es\/wp-json\/wp\/v2\/media?parent=2484"}],"curies":[{"name":"wp","href":"https:\/\/api.w.org\/{rel}","templated":true}]}}